{"id":1578,"date":"2021-05-10T14:42:20","date_gmt":"2021-05-10T17:42:20","guid":{"rendered":"https:\/\/sulfix.com.br\/filmes-para-protecao-de-superficies\/"},"modified":"2021-05-10T15:47:24","modified_gmt":"2021-05-10T18:47:24","slug":"peliculas-para-proteccion-de-superficies","status":"publish","type":"page","link":"https:\/\/sulfix.com.br\/es\/peliculas-para-proteccion-de-superficies\/","title":{"rendered":"Pel\u00edculas para protecci\u00f3n de superficies"},"content":{"rendered":"<p><div class=\"fusion-fullwidth fullwidth-box fusion-builder-row-1 fusion-parallax-fixed nonhundred-percent-fullwidth non-hundred-percent-height-scrolling page-product-lines__page-title\" style=\"--awb-border-radius-top-left:0px;--awb-border-radius-top-right:0px;--awb-border-radius-bottom-right:0px;--awb-border-radius-bottom-left:0px;--awb-padding-top:120px;--awb-padding-bottom:50px;--awb-background-image:url(&quot;https:\/\/sulfix.wpengine.com\/wp-content\/uploads\/2018\/09\/page-header-products.jpg&quot;);--awb-background-size:cover;--awb-flex-wrap:wrap;background-attachment:fixed;\" ><div class=\"fusion-builder-row fusion-row\"><div class=\"fusion-layout-column fusion_builder_column fusion-builder-column-0 fusion_builder_column_1_3 1_3 fusion-one-third fusion-column-first page-product-lines__title-h2\" style=\"--awb-padding-top:0px;--awb-padding-right:0px;--awb-padding-bottom:0px;--awb-padding-left:0px;--awb-bg-size:cover;--awb-margin-bottom:0px;width:33.3333333333%;width:calc(33.3333333333% - ( ( 4% ) * 0.333333333333 ) );margin-right: 4%;\"><div class=\"fusion-column-wrapper fusion-column-has-shadow fusion-flex-column-wrapper-legacy\"><div class=\"fusion-text fusion-text-1\"><h2>L\u00cdNEAS DE PRODUCTOS<\/h2>\n<\/div><div class=\"fusion-sep-clear\"><\/div><div class=\"fusion-separator fusion-full-width-sep\" style=\"margin-left: auto;margin-right: auto;margin-top:-20px;width:100%;\"><\/div><div class=\"fusion-sep-clear\"><\/div><a href=\"\/es\/#linhas-de-produtos\" class=\"page-product-lines__button-back\">\n\t<i id=\"icon\" class=\"fas fa-angle-left\"><\/i>\n\tVolver\n<\/a><div class=\"fusion-clearfix\"><\/div><\/div><\/div><div class=\"fusion-layout-column fusion_builder_column fusion-builder-column-1 fusion_builder_column_2_3 2_3 fusion-two-third fusion-column-last blocks-product-page\" style=\"--awb-padding-top:0px;--awb-padding-right:0px;--awb-padding-bottom:0px;--awb-padding-left:0px;--awb-bg-size:cover;--awb-margin-bottom:0px;width:66.6666666667%;width:calc(66.6666666667% - ( ( 4% ) * 0.666666666667 ) );\"><div class=\"fusion-column-wrapper fusion-column-has-shadow fusion-flex-column-wrapper-legacy\"><div class=\"fusion-builder-row fusion-builder-row-inner fusion-row\"><div class=\"fusion-layout-column fusion_builder_column_inner fusion-builder-nested-column-0 fusion_builder_column_inner_1_3 1_3 fusion-one-third fusion-column-first fusion-column-inner-bg-wrapper block-product-page\" style=\"--awb-padding-top:0px;--awb-padding-right:0px;--awb-padding-bottom:0px;--awb-padding-left:0px;--awb-inner-bg-size:cover;--awb-margin-bottom:0px;width:33.3333333333%;width:calc(33.3333333333% - ( ( 7% + 7% ) * 0.333333333333 ) );margin-right: 7%;\"><span class=\"fusion-column-inner-bg hover-type-none\"><a class=\"fusion-column-anchor\" href=\"https:\/\/sulfix.com.br\/es\/fabricantes-de-automoviles\/\"><span class=\"fusion-column-inner-bg-image\"><\/span><\/a><\/span><div class=\"fusion-column-wrapper fusion-column-has-shadow fusion-flex-column-wrapper-legacy\"><div class=\"fusion-image-element in-legacy-container\" style=\"--awb-caption-title-font-family:var(--h2_typography-font-family);--awb-caption-title-font-weight:var(--h2_typography-font-weight);--awb-caption-title-font-style:var(--h2_typography-font-style);--awb-caption-title-size:var(--h2_typography-font-size);--awb-caption-title-transform:var(--h2_typography-text-transform);--awb-caption-title-line-height:var(--h2_typography-line-height);--awb-caption-title-letter-spacing:var(--h2_typography-letter-spacing);\"><span class=\" fusion-imageframe imageframe-none imageframe-1 hover-type-none\"><img decoding=\"async\" width=\"56\" height=\"52\" alt=\"page-header-buttons-ico-01\" title=\"page-header-buttons-ico-01\" src=\"https:\/\/sulfix.com.br\/wp-content\/uploads\/2018\/10\/page-header-buttons-ico-01.png\" class=\"img-responsive wp-image-434\"\/><\/span><\/div><div class=\"fusion-text fusion-text-2 block-product-page__title\"><h4 style=\"text-align: center;\">PIEZAS PARA EL<br \/>\nSECTOR AUTOMOVIL\u00cdSTICO<\/h4>\n<\/div><div class=\"fusion-clearfix\"><\/div><\/div><\/div><div class=\"fusion-layout-column fusion_builder_column_inner fusion-builder-nested-column-1 fusion_builder_column_inner_1_3 1_3 fusion-one-third fusion-column-inner-bg-wrapper block-product-page is-active\" style=\"--awb-padding-top:0px;--awb-padding-right:0px;--awb-padding-bottom:0px;--awb-padding-left:0px;--awb-inner-bg-size:cover;--awb-margin-bottom:0px;width:33.3333333333%;width:calc(33.3333333333% - ( ( 7% + 7% ) * 0.333333333333 ) );margin-right: 7%;\"><span class=\"fusion-column-inner-bg hover-type-none\"><a class=\"fusion-column-anchor\" href=\"https:\/\/sulfix.com.br\/es\/peliculas-para-proteccion-de-superficies\/\"><span class=\"fusion-column-inner-bg-image\"><\/span><\/a><\/span><div class=\"fusion-column-wrapper fusion-column-has-shadow fusion-flex-column-wrapper-legacy\"><div class=\"fusion-image-element in-legacy-container\" style=\"--awb-caption-title-font-family:var(--h2_typography-font-family);--awb-caption-title-font-weight:var(--h2_typography-font-weight);--awb-caption-title-font-style:var(--h2_typography-font-style);--awb-caption-title-size:var(--h2_typography-font-size);--awb-caption-title-transform:var(--h2_typography-text-transform);--awb-caption-title-line-height:var(--h2_typography-line-height);--awb-caption-title-letter-spacing:var(--h2_typography-letter-spacing);\"><span class=\" fusion-imageframe imageframe-none imageframe-2 hover-type-none\"><img decoding=\"async\" width=\"84\" height=\"52\" alt=\"page-header-buttons-ico-02\" title=\"page-header-buttons-ico-02\" src=\"https:\/\/sulfix.com.br\/wp-content\/uploads\/2018\/09\/page-header-buttons-ico-02.png\" class=\"img-responsive wp-image-390\"\/><\/span><\/div><div class=\"fusion-text fusion-text-3 block-product-page__title\"><h4 style=\"text-align: center;\">PEL\u00cdCULAS PARA<br \/>\nPROTECCI\u00d3N DE SUPERFICIES<\/h4>\n<\/div><div class=\"fusion-clearfix\"><\/div><\/div><\/div><div class=\"fusion-layout-column fusion_builder_column_inner fusion-builder-nested-column-2 fusion_builder_column_inner_1_3 1_3 fusion-one-third fusion-column-last fusion-column-inner-bg-wrapper block-product-page\" style=\"--awb-padding-top:0px;--awb-padding-right:0px;--awb-padding-bottom:0px;--awb-padding-left:0px;--awb-inner-bg-size:cover;--awb-margin-bottom:0px;width:33.3333333333%;width:calc(33.3333333333% - ( ( 7% + 7% ) * 0.333333333333 ) );\"><span class=\"fusion-column-inner-bg hover-type-none\"><a class=\"fusion-column-anchor\" href=\"https:\/\/sulfix.com.br\/es\/peliculas-tecnicas-y-embalajes\/\"><span class=\"fusion-column-inner-bg-image\"><\/span><\/a><\/span><div class=\"fusion-column-wrapper fusion-column-has-shadow fusion-flex-column-wrapper-legacy\"><div class=\"fusion-image-element in-legacy-container\" style=\"--awb-caption-title-font-family:var(--h2_typography-font-family);--awb-caption-title-font-weight:var(--h2_typography-font-weight);--awb-caption-title-font-style:var(--h2_typography-font-style);--awb-caption-title-size:var(--h2_typography-font-size);--awb-caption-title-transform:var(--h2_typography-text-transform);--awb-caption-title-line-height:var(--h2_typography-line-height);--awb-caption-title-letter-spacing:var(--h2_typography-letter-spacing);\"><span class=\" fusion-imageframe imageframe-none imageframe-3 hover-type-none\"><img decoding=\"async\" width=\"44\" height=\"52\" alt=\"page-header-buttons-ico-03\" title=\"page-header-buttons-ico-03\" src=\"https:\/\/sulfix.com.br\/wp-content\/uploads\/2018\/09\/page-header-buttons-ico-03.png\" class=\"img-responsive wp-image-388\"\/><\/span><\/div><div class=\"fusion-text fusion-text-4 block-product-page__title\"><h4 style=\"text-align: center;\">PEL\u00cdCULAS T\u00c9CNICAS<br \/>\nY EMBALAJES<\/h4>\n<\/div><div class=\"fusion-clearfix\"><\/div><\/div><\/div><\/div><div class=\"fusion-clearfix\"><\/div><\/div><\/div><\/div><\/div><div class=\"fusion-fullwidth fullwidth-box fusion-builder-row-2 fusion-parallax-none nonhundred-percent-fullwidth non-hundred-percent-height-scrolling page-product-lines__title-h1\" style=\"--awb-border-radius-top-left:0px;--awb-border-radius-top-right:0px;--awb-border-radius-bottom-right:0px;--awb-border-radius-bottom-left:0px;--awb-padding-top:40px;--awb-padding-bottom:40px;--awb-background-image:url(&quot;https:\/\/sulfix.wpengine.com\/wp-content\/uploads\/2018\/09\/page-header-category-superficie.jpg&quot;);--awb-background-size:cover;--awb-flex-wrap:wrap;\" ><div class=\"fusion-builder-row fusion-row\"><div class=\"fusion-layout-column fusion_builder_column fusion-builder-column-2 fusion_builder_column_1_1 1_1 fusion-one-full fusion-column-first fusion-column-last\" style=\"--awb-bg-size:cover;--awb-margin-bottom:0px;\"><div class=\"fusion-column-wrapper fusion-column-has-shadow fusion-flex-column-wrapper-legacy\"><div class=\"fusion-text fusion-text-5\"><h1>PEL\u00cdCULAS PARA<br \/>\n<strong>PROTECCI\u00d3N DE SUPERFICIES<\/strong><\/h1>\n<\/div><div class=\"fusion-clearfix\"><\/div><\/div><\/div><\/div><\/div><div class=\"fusion-fullwidth fullwidth-box fusion-builder-row-3 nonhundred-percent-fullwidth non-hundred-percent-height-scrolling\" style=\"--awb-border-radius-top-left:0px;--awb-border-radius-top-right:0px;--awb-border-radius-bottom-right:0px;--awb-border-radius-bottom-left:0px;--awb-padding-top:40px;--awb-flex-wrap:wrap;\" ><div class=\"fusion-builder-row fusion-row\"><div class=\"fusion-layout-column fusion_builder_column fusion-builder-column-3 fusion_builder_column_1_1 1_1 fusion-one-full fusion-column-first fusion-column-last\" style=\"--awb-bg-size:cover;\"><div class=\"fusion-column-wrapper fusion-flex-column-wrapper-legacy\"><div class=\"fusion-text fusion-text-6\"><p>Las pel\u00edculas de polietileno Sulfix son creadas seg\u00fan cada necesidad, para proteger productos contra la aparici\u00f3n de ara\u00f1azos, rayas y manchas que pueden resultar del manejo, transporte o de procesos mec\u00e1nicos (corte, doblado, estampado etc.). Esas pel\u00edculas protectoras pueden ser de colores diversos y pueden recibir aditivos anti UV, retardantes de llama y de oxidaci\u00f3n precoz, entre otros. Todas las pel\u00edculas autoadhesivas pueden ser a medida, llevando la impresi\u00f3n del logotipo y otras informaciones del cliente.<\/p>\n<p>Algunos de los segmentos atendidos:<\/p>\n<\/div><div class=\"fusion-clearfix\"><\/div><\/div><\/div><\/div><\/div><div class=\"fusion-fullwidth fullwidth-box fusion-builder-row-4 nonhundred-percent-fullwidth non-hundred-percent-height-scrolling\" style=\"--awb-border-radius-top-left:0px;--awb-border-radius-top-right:0px;--awb-border-radius-bottom-right:0px;--awb-border-radius-bottom-left:0px;--awb-flex-wrap:wrap;\" ><div class=\"fusion-builder-row fusion-row\"><div class=\"fusion-layout-column fusion_builder_column fusion-builder-column-4 fusion_builder_column_1_3 1_3 fusion-one-third fusion-column-first\" style=\"--awb-bg-size:cover;width:33.3333333333%;width:calc(33.3333333333% - ( ( 4% + 4% ) * 0.333333333333 ) );margin-right: 4%;\"><div class=\"fusion-column-wrapper fusion-flex-column-wrapper-legacy\"><div class=\"fusion-text fusion-text-7\"><h3>CHAPAS MET\u00c1LICAS<\/h3>\n<ul style=\"color: #3c87b3; padding-left: 20px;\">\n<li><strong>Acero Inoxidable<\/strong><\/li>\n<li><strong>Acero Prepintado<\/strong><\/li>\n<li><strong>Aluminio<\/strong><\/li>\n<\/ul>\n<\/div><div class=\"fusion-clearfix\"><\/div><\/div><\/div><div class=\"fusion-layout-column fusion_builder_column fusion-builder-column-5 fusion_builder_column_1_3 1_3 fusion-one-third\" style=\"--awb-bg-size:cover;width:33.3333333333%;width:calc(33.3333333333% - ( ( 4% + 4% ) * 0.333333333333 ) );margin-right: 4%;\"><div class=\"fusion-column-wrapper fusion-flex-column-wrapper-legacy\"><div class=\"fusion-text fusion-text-8\"><h3>CHAPAS O LAMINADOS PL\u00c1STICOS<\/h3>\n<ul style=\"color: #3c87b3; padding-left: 20px;\">\n<li><strong>Acr\u00edlico<\/strong><\/li>\n<li><strong>Policarbonato<\/strong><\/li>\n<li><strong>Poli estireno<\/strong><\/li>\n<\/ul>\n<\/div><div class=\"fusion-clearfix\"><\/div><\/div><\/div><div class=\"fusion-layout-column fusion_builder_column fusion-builder-column-6 fusion_builder_column_1_3 1_3 fusion-one-third fusion-column-last\" style=\"--awb-bg-size:cover;width:33.3333333333%;width:calc(33.3333333333% - ( ( 4% + 4% ) * 0.333333333333 ) );\"><div class=\"fusion-column-wrapper fusion-flex-column-wrapper-legacy\"><div class=\"fusion-text fusion-text-9\"><h3>MADERAS<\/h3>\n<ul style=\"color: #3c87b3; padding-left: 20px;\">\n<li><strong>Laminados MDF<\/strong><\/li>\n<li><strong>F\u00f3rmicas<\/strong><\/li>\n<li><strong>Puertas y ventanas<\/strong><\/li>\n<\/ul>\n<\/div><div class=\"fusion-clearfix\"><\/div><\/div><\/div><\/div><\/div><div class=\"fusion-fullwidth fullwidth-box fusion-builder-row-5 nonhundred-percent-fullwidth non-hundred-percent-height-scrolling\" style=\"--awb-border-radius-top-left:0px;--awb-border-radius-top-right:0px;--awb-border-radius-bottom-right:0px;--awb-border-radius-bottom-left:0px;--awb-flex-wrap:wrap;\" ><div class=\"fusion-builder-row fusion-row\"><div class=\"fusion-layout-column fusion_builder_column fusion-builder-column-7 fusion_builder_column_1_3 1_3 fusion-one-third fusion-column-first\" style=\"--awb-bg-size:cover;width:33.3333333333%;width:calc(33.3333333333% - ( ( 4% + 4% ) * 0.333333333333 ) );margin-right: 4%;\"><div class=\"fusion-column-wrapper fusion-flex-column-wrapper-legacy\"><div class=\"fusion-text fusion-text-10\"><h3>CONSTRUCCI\u00d3N<\/h3>\n<ul style=\"color: #3c87b3; padding-left: 20px;\">\n<li><strong>Marcos y perfiles de aluminio<\/strong><\/li>\n<li><strong>Cristales<\/strong><\/li>\n<li><strong>Pisos<\/strong><\/li>\n<li><strong>Encimeras (m\u00e1rmol y granito)<\/strong><\/li>\n<li><strong>Sanitarios<\/strong><\/li>\n<li><strong>M\u00e1rmoles sint\u00e9ticos<\/strong><\/li>\n<\/ul>\n<\/div><div class=\"fusion-clearfix\"><\/div><\/div><\/div><div class=\"fusion-layout-column fusion_builder_column fusion-builder-column-8 fusion_builder_column_1_3 1_3 fusion-one-third\" style=\"--awb-bg-size:cover;width:33.3333333333%;width:calc(33.3333333333% - ( ( 4% + 4% ) * 0.333333333333 ) );margin-right: 4%;\"><div class=\"fusion-column-wrapper fusion-flex-column-wrapper-legacy\"><div class=\"fusion-text fusion-text-11\"><h3>MUEBLES<\/h3>\n<ul style=\"color: #3c87b3; padding-left: 20px;\">\n<li><strong>Madera<\/strong><\/li>\n<li><strong>Acero<\/strong><\/li>\n<li><strong>Aluminio<\/strong><\/li>\n<\/ul>\n<\/div><div class=\"fusion-clearfix\"><\/div><\/div><\/div><div class=\"fusion-layout-column fusion_builder_column fusion-builder-column-9 fusion_builder_column_1_3 1_3 fusion-one-third fusion-column-last\" style=\"--awb-bg-size:cover;width:33.3333333333%;width:calc(33.3333333333% - ( ( 4% + 4% ) * 0.333333333333 ) );\"><div class=\"fusion-column-wrapper fusion-flex-column-wrapper-legacy\"><div class=\"fusion-clearfix\"><\/div><\/div><\/div><\/div><\/div><div class=\"fusion-fullwidth fullwidth-box fusion-builder-row-6 nonhundred-percent-fullwidth non-hundred-percent-height-scrolling page-product-lines__icons\" style=\"--awb-border-radius-top-left:0px;--awb-border-radius-top-right:0px;--awb-border-radius-bottom-right:0px;--awb-border-radius-bottom-left:0px;--awb-flex-wrap:wrap;\" ><div class=\"fusion-builder-row fusion-row\"><div class=\"fusion-layout-column fusion_builder_column fusion-builder-column-10 fusion_builder_column_1_6 1_6 fusion-one-sixth fusion-column-first\" style=\"--awb-bg-size:cover;width:16.6666666667%;width:calc(16.6666666667% - ( ( 0% + 0% + 0% + 0% + 0% ) * 0.166666666667 ) );margin-right: 0%;\"><div class=\"fusion-column-wrapper fusion-flex-column-wrapper-legacy\"><div class=\"fusion-image-element in-legacy-container\" style=\"--awb-caption-title-font-family:var(--h2_typography-font-family);--awb-caption-title-font-weight:var(--h2_typography-font-weight);--awb-caption-title-font-style:var(--h2_typography-font-style);--awb-caption-title-size:var(--h2_typography-font-size);--awb-caption-title-transform:var(--h2_typography-text-transform);--awb-caption-title-line-height:var(--h2_typography-line-height);--awb-caption-title-letter-spacing:var(--h2_typography-letter-spacing);\"><span class=\" fusion-imageframe imageframe-none imageframe-4 hover-type-none\"><a href=\"https:\/\/sulfix.wpengine.com\/wp-content\/uploads\/2018\/10\/filmes-protecao-aco-pintado-1.jpg\" class=\"fusion-lightbox\" data-rel=\"iLightbox[1]\" title=\"Filmes para prote\u00e7\u00e3o de a\u00e7o pintado\"><img decoding=\"async\" width=\"700\" height=\"490\" alt=\"Filmes para prote\u00e7\u00e3o de a\u00e7o pintado\" src=\"https:\/\/sulfix.com.br\/wp-content\/uploads\/2018\/10\/thumb-Filmes-para-prote\u00e7\u00e3o-de-a\u00e7o-pintado..png\" class=\"img-responsive wp-image-460\"\/><\/a><\/span><\/div><div class=\"fusion-clearfix\"><\/div><\/div><\/div><div class=\"fusion-layout-column fusion_builder_column fusion-builder-column-11 fusion_builder_column_1_6 1_6 fusion-one-sixth\" style=\"--awb-bg-size:cover;width:16.6666666667%;width:calc(16.6666666667% - ( ( 0% + 0% + 0% + 0% + 0% ) * 0.166666666667 ) );margin-right: 0%;\"><div class=\"fusion-column-wrapper fusion-flex-column-wrapper-legacy\"><div class=\"fusion-image-element in-legacy-container\" style=\"--awb-caption-title-font-family:var(--h2_typography-font-family);--awb-caption-title-font-weight:var(--h2_typography-font-weight);--awb-caption-title-font-style:var(--h2_typography-font-style);--awb-caption-title-size:var(--h2_typography-font-size);--awb-caption-title-transform:var(--h2_typography-text-transform);--awb-caption-title-line-height:var(--h2_typography-line-height);--awb-caption-title-letter-spacing:var(--h2_typography-letter-spacing);\"><span class=\" fusion-imageframe imageframe-none imageframe-5 hover-type-none\"><a href=\"https:\/\/sulfix.wpengine.com\/wp-content\/uploads\/2018\/10\/Filmes-para-prote\u00e7\u00e3o-de-lou\u00e7a-sanit\u00e1ria.jpg\" class=\"fusion-lightbox\" data-rel=\"iLightbox[1]\" title=\"Filmes para prote\u00e7\u00e3o de lou\u00e7a sanit\u00e1ria\"><img decoding=\"async\" width=\"114\" height=\"114\" alt=\"Filmes para prote\u00e7\u00e3o de lou\u00e7a sanit\u00e1ria\" src=\"https:\/\/sulfix.com.br\/wp-content\/uploads\/2018\/10\/Thumb-Filmes-para-prote\u00e7\u00e3o-de-lou\u00e7a-sanit\u00e1ria.png\" class=\"img-responsive wp-image-464\" srcset=\"https:\/\/sulfix.wpenginepowered.com\/wp-content\/uploads\/2018\/10\/Thumb-Filmes-para-prote\u00e7\u00e3o-de-lou\u00e7a-sanit\u00e1ria-66x66.png 66w, https:\/\/sulfix.wpenginepowered.com\/wp-content\/uploads\/2018\/10\/Thumb-Filmes-para-prote\u00e7\u00e3o-de-lou\u00e7a-sanit\u00e1ria.png 114w\" sizes=\"(max-width: 114px) 100vw, 114px\" \/><\/a><\/span><\/div><div class=\"fusion-clearfix\"><\/div><\/div><\/div><div class=\"fusion-layout-column fusion_builder_column fusion-builder-column-12 fusion_builder_column_1_6 1_6 fusion-one-sixth\" style=\"--awb-bg-size:cover;width:16.6666666667%;width:calc(16.6666666667% - ( ( 0% + 0% + 0% + 0% + 0% ) * 0.166666666667 ) );margin-right: 0%;\"><div class=\"fusion-column-wrapper fusion-flex-column-wrapper-legacy\"><div class=\"fusion-image-element in-legacy-container\" style=\"--awb-caption-title-font-family:var(--h2_typography-font-family);--awb-caption-title-font-weight:var(--h2_typography-font-weight);--awb-caption-title-font-style:var(--h2_typography-font-style);--awb-caption-title-size:var(--h2_typography-font-size);--awb-caption-title-transform:var(--h2_typography-text-transform);--awb-caption-title-line-height:var(--h2_typography-line-height);--awb-caption-title-letter-spacing:var(--h2_typography-letter-spacing);\"><span class=\" fusion-imageframe imageframe-none imageframe-6 hover-type-none\"><a href=\"https:\/\/sulfix.wpengine.com\/wp-content\/uploads\/2018\/10\/filmes-protecao-aluminio.jpg\" class=\"fusion-lightbox\" data-rel=\"iLightbox[1]\" title=\"Filmes para prote\u00e7\u00e3o de alum\u00ednio\"><img decoding=\"async\" width=\"112\" height=\"111\" alt=\"Filmes para prote\u00e7\u00e3o de alum\u00ednio\" src=\"https:\/\/sulfix.com.br\/wp-content\/uploads\/2018\/10\/teste.png\" class=\"img-responsive wp-image-462\" srcset=\"https:\/\/sulfix.wpenginepowered.com\/wp-content\/uploads\/2018\/10\/teste-66x66.png 66w, https:\/\/sulfix.wpenginepowered.com\/wp-content\/uploads\/2018\/10\/teste.png 112w\" sizes=\"(max-width: 112px) 100vw, 112px\" \/><\/a><\/span><\/div><div class=\"fusion-clearfix\"><\/div><\/div><\/div><div class=\"fusion-layout-column fusion_builder_column fusion-builder-column-13 fusion_builder_column_1_6 1_6 fusion-one-sixth\" style=\"--awb-bg-size:cover;width:16.6666666667%;width:calc(16.6666666667% - ( ( 0% + 0% + 0% + 0% + 0% ) * 0.166666666667 ) );margin-right: 0%;\"><div class=\"fusion-column-wrapper fusion-flex-column-wrapper-legacy\"><div class=\"fusion-image-element in-legacy-container\" style=\"--awb-caption-title-font-family:var(--h2_typography-font-family);--awb-caption-title-font-weight:var(--h2_typography-font-weight);--awb-caption-title-font-style:var(--h2_typography-font-style);--awb-caption-title-size:var(--h2_typography-font-size);--awb-caption-title-transform:var(--h2_typography-text-transform);--awb-caption-title-line-height:var(--h2_typography-line-height);--awb-caption-title-letter-spacing:var(--h2_typography-letter-spacing);\"><span class=\" fusion-imageframe imageframe-none imageframe-7 hover-type-none\"><a href=\"https:\/\/sulfix.wpengine.com\/wp-content\/uploads\/2018\/10\/filmes-protecao-acrilico.jpg\" class=\"fusion-lightbox\" data-rel=\"iLightbox[1]\" title=\"Filmes para prote\u00e7\u00e3o de acrilico\"><img decoding=\"async\" width=\"114\" height=\"114\" alt=\"Filmes para prote\u00e7\u00e3o de acrilico\" src=\"https:\/\/sulfix.com.br\/wp-content\/uploads\/2018\/10\/Thumb-Filmes-para-prote\u00e7\u00e3o-de-acrilico.png\" class=\"img-responsive wp-image-466\" srcset=\"https:\/\/sulfix.wpenginepowered.com\/wp-content\/uploads\/2018\/10\/Thumb-Filmes-para-prote\u00e7\u00e3o-de-acrilico-66x66.png 66w, https:\/\/sulfix.wpenginepowered.com\/wp-content\/uploads\/2018\/10\/Thumb-Filmes-para-prote\u00e7\u00e3o-de-acrilico.png 114w\" sizes=\"(max-width: 114px) 100vw, 114px\" \/><\/a><\/span><\/div><div class=\"fusion-clearfix\"><\/div><\/div><\/div><div class=\"fusion-layout-column fusion_builder_column fusion-builder-column-14 fusion_builder_column_1_6 1_6 fusion-one-sixth\" style=\"--awb-bg-size:cover;width:16.6666666667%;width:calc(16.6666666667% - ( ( 0% + 0% + 0% + 0% + 0% ) * 0.166666666667 ) );margin-right: 0%;\"><div class=\"fusion-column-wrapper fusion-flex-column-wrapper-legacy\"><div class=\"fusion-image-element in-legacy-container\" style=\"--awb-caption-title-font-family:var(--h2_typography-font-family);--awb-caption-title-font-weight:var(--h2_typography-font-weight);--awb-caption-title-font-style:var(--h2_typography-font-style);--awb-caption-title-size:var(--h2_typography-font-size);--awb-caption-title-transform:var(--h2_typography-text-transform);--awb-caption-title-line-height:var(--h2_typography-line-height);--awb-caption-title-letter-spacing:var(--h2_typography-letter-spacing);\"><span class=\" fusion-imageframe imageframe-none imageframe-8 hover-type-none\"><a href=\"https:\/\/sulfix.wpengine.com\/wp-content\/uploads\/2018\/10\/filmes-protecao-aluminio-1.jpg\" class=\"fusion-lightbox\" data-rel=\"iLightbox[1]\" title=\"Filmes para prote\u00e7\u00e3o de a\u00e7o escovado\"><img decoding=\"async\" width=\"114\" height=\"114\" alt=\"Thumb Filmes para prote\u00e7\u00e3o de inox escovado\" src=\"https:\/\/sulfix.com.br\/wp-content\/uploads\/2018\/10\/Thumb-Filmes-para-prote\u00e7\u00e3o-de-inox-escovado.png\" class=\"img-responsive wp-image-468\" srcset=\"https:\/\/sulfix.wpenginepowered.com\/wp-content\/uploads\/2018\/10\/Thumb-Filmes-para-prote\u00e7\u00e3o-de-inox-escovado-66x66.png 66w, https:\/\/sulfix.wpenginepowered.com\/wp-content\/uploads\/2018\/10\/Thumb-Filmes-para-prote\u00e7\u00e3o-de-inox-escovado.png 114w\" sizes=\"(max-width: 114px) 100vw, 114px\" \/><\/a><\/span><\/div><div class=\"fusion-clearfix\"><\/div><\/div><\/div><div class=\"fusion-layout-column fusion_builder_column fusion-builder-column-15 fusion_builder_column_1_6 1_6 fusion-one-sixth fusion-column-last\" style=\"--awb-bg-size:cover;width:16.6666666667%;width:calc(16.6666666667% - ( ( 0% + 0% + 0% + 0% + 0% ) * 0.166666666667 ) );\"><div class=\"fusion-column-wrapper fusion-flex-column-wrapper-legacy\"><div class=\"fusion-clearfix\"><\/div><\/div><\/div><\/div><\/div><\/p>\n","protected":false},"excerpt":{"rendered":"","protected":false},"author":1,"featured_media":0,"parent":0,"menu_order":0,"comment_status":"closed","ping_status":"closed","template":"100-width.php","meta":{"footnotes":""},"class_list":["post-1578","page","type-page","status-publish","hentry"],"aioseo_notices":[],"_links":{"self":[{"href":"https:\/\/sulfix.com.br\/es\/wp-json\/wp\/v2\/pages\/1578","targetHints":{"allow":["GET"]}}],"collection":[{"href":"https:\/\/sulfix.com.br\/es\/wp-json\/wp\/v2\/pages"}],"about":[{"href":"https:\/\/sulfix.com.br\/es\/wp-json\/wp\/v2\/types\/page"}],"author":[{"embeddable":true,"href":"https:\/\/sulfix.com.br\/es\/wp-json\/wp\/v2\/users\/1"}],"replies":[{"embeddable":true,"href":"https:\/\/sulfix.com.br\/es\/wp-json\/wp\/v2\/comments?post=1578"}],"version-history":[{"count":0,"href":"https:\/\/sulfix.com.br\/es\/wp-json\/wp\/v2\/pages\/1578\/revisions"}],"wp:attachment":[{"href":"https:\/\/sulfix.com.br\/es\/wp-json\/wp\/v2\/media?parent=1578"}],"curies":[{"name":"wp","href":"https:\/\/api.w.org\/{rel}","templated":true}]}}