{"id":1580,"date":"2021-05-10T14:44:19","date_gmt":"2021-05-10T17:44:19","guid":{"rendered":"https:\/\/sulfix.com.br\/infraestrutura\/"},"modified":"2021-05-10T16:02:29","modified_gmt":"2021-05-10T19:02:29","slug":"infraestructura","status":"publish","type":"page","link":"https:\/\/sulfix.com.br\/es\/infraestructura\/","title":{"rendered":"Infraestructura"},"content":{"rendered":"<p><div class=\"fusion-fullwidth fullwidth-box fusion-builder-row-1 fusion-parallax-fixed nonhundred-percent-fullwidth non-hundred-percent-height-scrolling page-about-us__page-title\" style=\"--awb-border-radius-top-left:0px;--awb-border-radius-top-right:0px;--awb-border-radius-bottom-right:0px;--awb-border-radius-bottom-left:0px;--awb-padding-top:164px;--awb-padding-bottom:94px;--awb-background-image:url(&quot;https:\/\/sulfix.wpengine.com\/wp-content\/uploads\/2018\/10\/page-header-about-us-infra.jpg&quot;);--awb-background-size:cover;--awb-flex-wrap:wrap;background-attachment:fixed;\" ><div class=\"fusion-builder-row fusion-row\"><div class=\"fusion-layout-column fusion_builder_column fusion-builder-column-0 fusion_builder_column_1_5 1_5 fusion-one-fifth fusion-column-first page-about-us__page-title-image\" style=\"--awb-padding-top:20px;--awb-padding-right:30px;--awb-padding-bottom:20px;--awb-padding-left:30px;--awb-bg-color:#ffffff;--awb-bg-color-hover:#ffffff;--awb-bg-size:cover;--awb-margin-bottom:0px;width:20%;width:calc(20% - ( ( 4% ) * 0.2 ) );margin-right: 4%;\"><div class=\"fusion-column-wrapper fusion-column-has-shadow fusion-flex-column-wrapper-legacy\"><div class=\"fusion-image-element fusion-image-align-center in-legacy-container\" style=\"text-align:center;--awb-caption-title-font-family:var(--h2_typography-font-family);--awb-caption-title-font-weight:var(--h2_typography-font-weight);--awb-caption-title-font-style:var(--h2_typography-font-style);--awb-caption-title-size:var(--h2_typography-font-size);--awb-caption-title-transform:var(--h2_typography-text-transform);--awb-caption-title-line-height:var(--h2_typography-line-height);--awb-caption-title-letter-spacing:var(--h2_typography-letter-spacing);\"><div class=\"imageframe-align-center\"><span class=\" fusion-imageframe imageframe-none imageframe-1 hover-type-none\"><img decoding=\"async\" width=\"73\" height=\"74\" title=\"icone sobre\" src=\"https:\/\/sulfix.com.br\/wp-content\/uploads\/2018\/09\/page-header-about-us-ico.jpg\" alt class=\"img-responsive wp-image-364\" srcset=\"https:\/\/sulfix.wpenginepowered.com\/wp-content\/uploads\/2018\/09\/page-header-about-us-ico-66x66.jpg 66w, https:\/\/sulfix.wpenginepowered.com\/wp-content\/uploads\/2018\/09\/page-header-about-us-ico.jpg 73w\" sizes=\"(max-width: 73px) 100vw, 73px\" \/><\/span><\/div><\/div><div class=\"fusion-clearfix\"><\/div><\/div><\/div><div class=\"fusion-layout-column fusion_builder_column fusion-builder-column-1 fusion_builder_column_4_5 4_5 fusion-four-fifth fusion-column-last page-about-us__page-title-text\" style=\"--awb-padding-top:30px;--awb-bg-size:cover;--awb-margin-bottom:0px;width:80%;width:calc(80% - ( ( 4% ) * 0.8 ) );\"><div class=\"fusion-column-wrapper fusion-column-has-shadow fusion-flex-column-wrapper-legacy\"><div class=\"fusion-text fusion-text-1\"><h2>QUIENES SOMOS<\/h2>\n<\/div><div class=\"fusion-clearfix\"><\/div><\/div><\/div><div class=\"fusion-layout-column fusion_builder_column fusion-builder-column-2 fusion_builder_column_1_1 1_1 fusion-one-full fusion-column-first fusion-column-last page-about-us__button-back\" style=\"--awb-bg-size:cover;\"><div class=\"fusion-column-wrapper fusion-column-has-shadow fusion-flex-column-wrapper-legacy\"><a href=\"\/es\/#_quem-somos\"> \n\t<i class=\"fas fa-angle-left\"><\/i> <span> Volver  <\/span>\n<\/a><div class=\"fusion-clearfix\"><\/div><\/div><\/div><\/div><\/div><div class=\"fusion-fullwidth fullwidth-box fusion-builder-row-2 nonhundred-percent-fullwidth non-hundred-percent-height-scrolling\" style=\"--awb-border-radius-top-left:0px;--awb-border-radius-top-right:0px;--awb-border-radius-bottom-right:0px;--awb-border-radius-bottom-left:0px;--awb-margin-top:30px;--awb-flex-wrap:wrap;\" ><div class=\"fusion-builder-row fusion-row\"><div class=\"fusion-layout-column fusion_builder_column fusion-builder-column-3 fusion_builder_column_1_1 1_1 fusion-one-full fusion-column-first fusion-column-last menu-infra\" style=\"--awb-bg-size:cover;\"><div class=\"fusion-column-wrapper fusion-flex-column-wrapper-legacy\"><div class=\"fusion-widget-area awb-widget-area-element fusion-widget-area-1 fusion-content-widget-area menu-product-page\" style=\"--awb-title-color:#ffffff;--awb-padding:0px 0px 0px 0px;\"><div id=\"nav_menu-5\" class=\"widget widget_nav_menu\" style=\"border-style: solid;border-color:transparent;border-width:0px;\"><div class=\"menu-menu-interno-quem-somos-es-container\"><ul id=\"menu-menu-interno-quem-somos-es\" class=\"menu\"><li id=\"menu-item-1595\" class=\"menu-item menu-item-type-post_type menu-item-object-page menu-item-1595\"><a href=\"https:\/\/sulfix.com.br\/es\/espiritu-pionero\/\">Esp\u00edritu Pionero<\/a><\/li>\n<li id=\"menu-item-1596\" class=\"menu-item menu-item-type-post_type menu-item-object-page menu-item-1596\"><a href=\"https:\/\/sulfix.com.br\/es\/infraestructura\/\">Infraestructura<\/a><\/li>\n<li id=\"menu-item-1597\" class=\"menu-item menu-item-type-post_type menu-item-object-page menu-item-1597\"><a href=\"https:\/\/sulfix.com.br\/es\/certificaciones\/\">Certificaciones<\/a><\/li>\n<li id=\"menu-item-1598\" class=\"menu-item menu-item-type-post_type menu-item-object-page menu-item-1598\"><a href=\"https:\/\/sulfix.com.br\/es\/laboratorios\/\">Laboratorios<\/a><\/li>\n<li id=\"menu-item-1599\" class=\"menu-item menu-item-type-post_type menu-item-object-page menu-item-1599\"><a href=\"https:\/\/sulfix.com.br\/es\/soluciones\/\">Soluciones<\/a><\/li>\n<\/ul><\/div><\/div><div class=\"fusion-additional-widget-content\"><\/div><\/div>\n<div class=\"fusion-clearfix\"><\/div><\/div><\/div><\/div><\/div>\n<div class=\"fusion-fullwidth fullwidth-box fusion-builder-row-3 nonhundred-percent-fullwidth non-hundred-percent-height-scrolling\" style=\"--awb-border-radius-top-left:0px;--awb-border-radius-top-right:0px;--awb-border-radius-bottom-right:0px;--awb-border-radius-bottom-left:0px;--awb-flex-wrap:wrap;\" ><div class=\"fusion-builder-row fusion-row\"><div class=\"fusion-layout-column fusion_builder_column fusion-builder-column-4 fusion_builder_column_1_1 1_1 fusion-one-full fusion-column-first fusion-column-last\" style=\"--awb-bg-size:cover;\"><div class=\"fusion-column-wrapper fusion-flex-column-wrapper-legacy\"><div class=\"fusion-text fusion-text-2\"><h1>Infraestructura<\/h1>\n<\/div><div class=\"fusion-text fusion-text-3\"><p>Estamos establecidos en instalaciones propias, modernas, de 11 mil m 2 de \u00e1rea, con capacidad de producci\u00f3n anual de 120 millones m 2 de pel\u00edculas autoadhesivas y de 7 millones de pel\u00edculas protectoras (estanqueidad) para el interior de puertas de autom\u00f3viles. Nuestra gran capacidad productiva unida a nuestra estructura para almacenaje de materias primas y de productos acabados nos permiten una r\u00e1pida acci\u00f3n para atender a la demanda de pedidos.<\/p>\n<p>Seguimos invirtiendo en investigaci\u00f3n y desarrollo de materiales, productos y procesos, buscando siempre las mejores soluciones para nuestros clientes.<\/p>\n<\/div><div class=\"fusion-clearfix\"><\/div><\/div><\/div><\/div><\/div><div class=\"fusion-fullwidth fullwidth-box fusion-builder-row-4 nonhundred-percent-fullwidth non-hundred-percent-height-scrolling page-about-us__icons\" style=\"--awb-border-radius-top-left:0px;--awb-border-radius-top-right:0px;--awb-border-radius-bottom-right:0px;--awb-border-radius-bottom-left:0px;--awb-flex-wrap:wrap;\" ><div class=\"fusion-builder-row fusion-row\"><div class=\"fusion-layout-column fusion_builder_column fusion-builder-column-5 fusion_builder_column_1_6 1_6 fusion-one-sixth fusion-column-first\" style=\"--awb-bg-size:cover;width:16.6666666667%;width:calc(16.6666666667% - ( ( 0% + 0% + 0% + 0% + 0% ) * 0.166666666667 ) );margin-right: 0%;\"><div class=\"fusion-column-wrapper fusion-flex-column-wrapper-legacy\"><div class=\"fusion-image-element in-legacy-container\" style=\"--awb-caption-title-font-family:var(--h2_typography-font-family);--awb-caption-title-font-weight:var(--h2_typography-font-weight);--awb-caption-title-font-style:var(--h2_typography-font-style);--awb-caption-title-size:var(--h2_typography-font-size);--awb-caption-title-transform:var(--h2_typography-text-transform);--awb-caption-title-line-height:var(--h2_typography-line-height);--awb-caption-title-letter-spacing:var(--h2_typography-letter-spacing);\"><span class=\" fusion-imageframe imageframe-none imageframe-2 hover-type-none\"><a href=\"https:\/\/sulfix.wpengine.com\/wp-content\/uploads\/2018\/10\/Infraestrutura-.jpg\" class=\"fusion-lightbox\" data-rel=\"iLightbox[1]\" title=\"Sulfix Infraestrutura\"><img decoding=\"async\" width=\"117\" height=\"120\" alt=\"Sulfix Infraestrutura\" src=\"https:\/\/sulfix.com.br\/wp-content\/uploads\/2018\/10\/thumb-Infraestrutura-.png\" class=\"img-responsive wp-image-502\"\/><\/a><\/span><\/div><div class=\"fusion-clearfix\"><\/div><\/div><\/div><div class=\"fusion-layout-column fusion_builder_column fusion-builder-column-6 fusion_builder_column_1_6 1_6 fusion-one-sixth\" style=\"--awb-bg-size:cover;width:16.6666666667%;width:calc(16.6666666667% - ( ( 0% + 0% + 0% + 0% + 0% ) * 0.166666666667 ) );margin-right: 0%;\"><div class=\"fusion-column-wrapper fusion-flex-column-wrapper-legacy\"><div class=\"fusion-image-element in-legacy-container\" style=\"--awb-caption-title-font-family:var(--h2_typography-font-family);--awb-caption-title-font-weight:var(--h2_typography-font-weight);--awb-caption-title-font-style:var(--h2_typography-font-style);--awb-caption-title-size:var(--h2_typography-font-size);--awb-caption-title-transform:var(--h2_typography-text-transform);--awb-caption-title-line-height:var(--h2_typography-line-height);--awb-caption-title-letter-spacing:var(--h2_typography-letter-spacing);\"><span class=\" fusion-imageframe imageframe-none imageframe-3 hover-type-none\"><a href=\"https:\/\/sulfix.wpengine.com\/wp-content\/uploads\/2018\/10\/Equipamentos-Sulfix.jpg\" class=\"fusion-lightbox\" data-rel=\"iLightbox[1]\" title=\"Sulfix Infraestrutura\"><img decoding=\"async\" width=\"117\" height=\"120\" alt=\"Sulfix Infraestrutura\" src=\"https:\/\/sulfix.com.br\/wp-content\/uploads\/2018\/10\/thumb-Equipamentos-Sulfix.png\" class=\"img-responsive wp-image-494\"\/><\/a><\/span><\/div><div class=\"fusion-clearfix\"><\/div><\/div><\/div><div class=\"fusion-layout-column fusion_builder_column fusion-builder-column-7 fusion_builder_column_1_6 1_6 fusion-one-sixth\" style=\"--awb-bg-size:cover;width:16.6666666667%;width:calc(16.6666666667% - ( ( 0% + 0% + 0% + 0% + 0% ) * 0.166666666667 ) );margin-right: 0%;\"><div class=\"fusion-column-wrapper fusion-flex-column-wrapper-legacy\"><div class=\"fusion-image-element in-legacy-container\" style=\"--awb-caption-title-font-family:var(--h2_typography-font-family);--awb-caption-title-font-weight:var(--h2_typography-font-weight);--awb-caption-title-font-style:var(--h2_typography-font-style);--awb-caption-title-size:var(--h2_typography-font-size);--awb-caption-title-transform:var(--h2_typography-text-transform);--awb-caption-title-line-height:var(--h2_typography-line-height);--awb-caption-title-letter-spacing:var(--h2_typography-letter-spacing);\"><span class=\" fusion-imageframe imageframe-none imageframe-4 hover-type-none\"><a href=\"https:\/\/sulfix.wpengine.com\/wp-content\/uploads\/2018\/10\/Estrutura-.jpg\" class=\"fusion-lightbox\" data-rel=\"iLightbox[1]\" title=\"Sulfix Infraestrutura\"><img decoding=\"async\" width=\"117\" height=\"120\" alt=\"Sulfix Infraestrutura\" src=\"https:\/\/sulfix.com.br\/wp-content\/uploads\/2018\/10\/thumb-Estrutura-.png\" class=\"img-responsive wp-image-498\"\/><\/a><\/span><\/div><div class=\"fusion-clearfix\"><\/div><\/div><\/div><div class=\"fusion-layout-column fusion_builder_column fusion-builder-column-8 fusion_builder_column_1_6 1_6 fusion-one-sixth\" style=\"--awb-bg-size:cover;width:16.6666666667%;width:calc(16.6666666667% - ( ( 0% + 0% + 0% + 0% + 0% ) * 0.166666666667 ) );margin-right: 0%;\"><div class=\"fusion-column-wrapper fusion-flex-column-wrapper-legacy\"><div class=\"fusion-image-element in-legacy-container\" style=\"--awb-caption-title-font-family:var(--h2_typography-font-family);--awb-caption-title-font-weight:var(--h2_typography-font-weight);--awb-caption-title-font-style:var(--h2_typography-font-style);--awb-caption-title-size:var(--h2_typography-font-size);--awb-caption-title-transform:var(--h2_typography-text-transform);--awb-caption-title-line-height:var(--h2_typography-line-height);--awb-caption-title-letter-spacing:var(--h2_typography-letter-spacing);\"><span class=\" fusion-imageframe imageframe-none imageframe-5 hover-type-none\"><a href=\"https:\/\/sulfix.wpengine.com\/wp-content\/uploads\/2018\/10\/Rolo-de-filme-de-prote\u00e7\u00e3o.jpg\" class=\"fusion-lightbox\" data-rel=\"iLightbox[1]\" title=\"Sulfix Infraestrutura\"><img decoding=\"async\" width=\"117\" height=\"120\" alt=\"Sulfix Infraestrutura\" src=\"https:\/\/sulfix.com.br\/wp-content\/uploads\/2018\/10\/thumb-Rolo-de-filme-de-prote\u00e7\u00e3o.png\" class=\"img-responsive wp-image-504\"\/><\/a><\/span><\/div><div class=\"fusion-clearfix\"><\/div><\/div><\/div><div class=\"fusion-layout-column fusion_builder_column fusion-builder-column-9 fusion_builder_column_1_6 1_6 fusion-one-sixth\" style=\"--awb-bg-size:cover;width:16.6666666667%;width:calc(16.6666666667% - ( ( 0% + 0% + 0% + 0% + 0% ) * 0.166666666667 ) );margin-right: 0%;\"><div class=\"fusion-column-wrapper fusion-flex-column-wrapper-legacy\"><div class=\"fusion-image-element in-legacy-container\" style=\"--awb-caption-title-font-family:var(--h2_typography-font-family);--awb-caption-title-font-weight:var(--h2_typography-font-weight);--awb-caption-title-font-style:var(--h2_typography-font-style);--awb-caption-title-size:var(--h2_typography-font-size);--awb-caption-title-transform:var(--h2_typography-text-transform);--awb-caption-title-line-height:var(--h2_typography-line-height);--awb-caption-title-letter-spacing:var(--h2_typography-letter-spacing);\"><span class=\" fusion-imageframe imageframe-none imageframe-6 hover-type-none\"><a href=\"https:\/\/sulfix.wpengine.com\/wp-content\/uploads\/2018\/10\/Estrutura.jpg\" class=\"fusion-lightbox\" data-rel=\"iLightbox[1]\" title=\"Sulfix Infraestrutura\"><img decoding=\"async\" width=\"117\" height=\"120\" alt=\"Sulfix Infraestrutura\" src=\"https:\/\/sulfix.com.br\/wp-content\/uploads\/2018\/10\/thumb-Estrutura.png\" class=\"img-responsive wp-image-496\"\/><\/a><\/span><\/div><div class=\"fusion-clearfix\"><\/div><\/div><\/div><div class=\"fusion-layout-column fusion_builder_column fusion-builder-column-10 fusion_builder_column_1_6 1_6 fusion-one-sixth fusion-column-last\" style=\"--awb-bg-size:cover;width:16.6666666667%;width:calc(16.6666666667% - ( ( 0% + 0% + 0% + 0% + 0% ) * 0.166666666667 ) );\"><div class=\"fusion-column-wrapper fusion-flex-column-wrapper-legacy\"><div class=\"fusion-image-element in-legacy-container\" style=\"--awb-caption-title-font-family:var(--h2_typography-font-family);--awb-caption-title-font-weight:var(--h2_typography-font-weight);--awb-caption-title-font-style:var(--h2_typography-font-style);--awb-caption-title-size:var(--h2_typography-font-size);--awb-caption-title-transform:var(--h2_typography-text-transform);--awb-caption-title-line-height:var(--h2_typography-line-height);--awb-caption-title-letter-spacing:var(--h2_typography-letter-spacing);\"><span class=\" fusion-imageframe imageframe-none imageframe-7 hover-type-none\"><a href=\"https:\/\/sulfix.wpengine.com\/wp-content\/uploads\/2018\/10\/Armazenamento.jpg\" class=\"fusion-lightbox\" data-rel=\"iLightbox[1]\" title=\"Sulfix Infraestrutura\"><img decoding=\"async\" width=\"117\" height=\"120\" alt=\"Sulfix Infraestrutura\" src=\"https:\/\/sulfix.com.br\/wp-content\/uploads\/2018\/10\/thumb-Armazenamento.png\" class=\"img-responsive wp-image-492\"\/><\/a><\/span><\/div><div class=\"fusion-clearfix\"><\/div><\/div><\/div><div class=\"fusion-layout-column fusion_builder_column fusion-builder-column-11 fusion_builder_column_1_6 1_6 fusion-one-sixth fusion-column-first\" style=\"--awb-bg-size:cover;width:16.6666666667%;width:calc(16.6666666667% - ( ( 0% ) * 0.166666666667 ) );margin-right: 0%;\"><div class=\"fusion-column-wrapper fusion-flex-column-wrapper-legacy\"><div class=\"fusion-image-element in-legacy-container\" style=\"--awb-caption-title-font-family:var(--h2_typography-font-family);--awb-caption-title-font-weight:var(--h2_typography-font-weight);--awb-caption-title-font-style:var(--h2_typography-font-style);--awb-caption-title-size:var(--h2_typography-font-size);--awb-caption-title-transform:var(--h2_typography-text-transform);--awb-caption-title-line-height:var(--h2_typography-line-height);--awb-caption-title-letter-spacing:var(--h2_typography-letter-spacing);\"><span class=\" fusion-imageframe imageframe-none imageframe-8 hover-type-none\"><a href=\"https:\/\/sulfix.wpengine.com\/wp-content\/uploads\/2018\/10\/Infraestrutura.jpg\" class=\"fusion-lightbox\" data-rel=\"iLightbox[1]\" title=\"Sulfix Infraestrutura\"><img decoding=\"async\" width=\"117\" height=\"120\" alt=\"Sulfix Infraestrutura\" src=\"https:\/\/sulfix.com.br\/wp-content\/uploads\/2018\/10\/thumb-Infraestrutura.png\" class=\"img-responsive wp-image-500\"\/><\/a><\/span><\/div><div class=\"fusion-clearfix\"><\/div><\/div><\/div><\/div><\/div><\/p>\n","protected":false},"excerpt":{"rendered":"","protected":false},"author":1,"featured_media":0,"parent":0,"menu_order":0,"comment_status":"closed","ping_status":"closed","template":"100-width.php","meta":{"footnotes":""},"class_list":["post-1580","page","type-page","status-publish","hentry"],"aioseo_notices":[],"_links":{"self":[{"href":"https:\/\/sulfix.com.br\/es\/wp-json\/wp\/v2\/pages\/1580","targetHints":{"allow":["GET"]}}],"collection":[{"href":"https:\/\/sulfix.com.br\/es\/wp-json\/wp\/v2\/pages"}],"about":[{"href":"https:\/\/sulfix.com.br\/es\/wp-json\/wp\/v2\/types\/page"}],"author":[{"embeddable":true,"href":"https:\/\/sulfix.com.br\/es\/wp-json\/wp\/v2\/users\/1"}],"replies":[{"embeddable":true,"href":"https:\/\/sulfix.com.br\/es\/wp-json\/wp\/v2\/comments?post=1580"}],"version-history":[{"count":0,"href":"https:\/\/sulfix.com.br\/es\/wp-json\/wp\/v2\/pages\/1580\/revisions"}],"wp:attachment":[{"href":"https:\/\/sulfix.com.br\/es\/wp-json\/wp\/v2\/media?parent=1580"}],"curies":[{"name":"wp","href":"https:\/\/api.w.org\/{rel}","templated":true}]}}