{"id":1582,"date":"2021-05-10T14:46:44","date_gmt":"2021-05-10T17:46:44","guid":{"rendered":"https:\/\/sulfix.com.br\/montadoras\/"},"modified":"2021-05-10T15:46:37","modified_gmt":"2021-05-10T18:46:37","slug":"fabricantes-de-automoviles","status":"publish","type":"page","link":"https:\/\/sulfix.com.br\/es\/fabricantes-de-automoviles\/","title":{"rendered":"Fabricantes de autom\u00f3viles"},"content":{"rendered":"<p><div class=\"fusion-fullwidth fullwidth-box fusion-builder-row-1 fusion-parallax-fixed nonhundred-percent-fullwidth non-hundred-percent-height-scrolling page-product-lines__page-title\" style=\"--awb-border-radius-top-left:0px;--awb-border-radius-top-right:0px;--awb-border-radius-bottom-right:0px;--awb-border-radius-bottom-left:0px;--awb-padding-top:120px;--awb-padding-bottom:50px;--awb-background-image:url(&quot;https:\/\/sulfix.wpengine.com\/wp-content\/uploads\/2018\/09\/page-header-products.jpg&quot;);--awb-background-size:cover;--awb-flex-wrap:wrap;background-attachment:fixed;\" ><div class=\"fusion-builder-row fusion-row\"><div class=\"fusion-layout-column fusion_builder_column fusion-builder-column-0 fusion_builder_column_1_3 1_3 fusion-one-third fusion-column-first page-product-lines__title-h2\" style=\"--awb-padding-top:0px;--awb-padding-right:0px;--awb-padding-bottom:0px;--awb-padding-left:0px;--awb-bg-size:cover;--awb-margin-bottom:0px;width:33.3333333333%;width:calc(33.3333333333% - ( ( 4% ) * 0.333333333333 ) );margin-right: 4%;\"><div class=\"fusion-column-wrapper fusion-column-has-shadow fusion-flex-column-wrapper-legacy\"><div class=\"fusion-text fusion-text-1\"><h2>L\u00cdNEAS DE PRODUCTOS<\/h2>\n<\/div><div class=\"fusion-sep-clear\"><\/div><div class=\"fusion-separator fusion-full-width-sep\" style=\"margin-left: auto;margin-right: auto;margin-top:-20px;width:100%;\"><\/div><div class=\"fusion-sep-clear\"><\/div><a href=\"\/es\/#linhas-de-produtos\" class=\"page-product-lines__button-back\">\n\t<i id=\"icon\" class=\"fas fa-angle-left\"><\/i>\n\tVolver\n<\/a><div class=\"fusion-clearfix\"><\/div><\/div><\/div><div class=\"fusion-layout-column fusion_builder_column fusion-builder-column-1 fusion_builder_column_2_3 2_3 fusion-two-third fusion-column-last blocks-product-page\" style=\"--awb-padding-top:0px;--awb-padding-right:0px;--awb-padding-bottom:0px;--awb-padding-left:0px;--awb-bg-size:cover;--awb-margin-bottom:0px;width:66.6666666667%;width:calc(66.6666666667% - ( ( 4% ) * 0.666666666667 ) );\"><div class=\"fusion-column-wrapper fusion-column-has-shadow fusion-flex-column-wrapper-legacy\"><div class=\"fusion-builder-row fusion-builder-row-inner fusion-row\"><div class=\"fusion-layout-column fusion_builder_column_inner fusion-builder-nested-column-0 fusion_builder_column_inner_1_3 1_3 fusion-one-third fusion-column-first fusion-column-inner-bg-wrapper block-product-page is-active\" style=\"--awb-padding-top:0px;--awb-padding-right:0px;--awb-padding-bottom:0px;--awb-padding-left:0px;--awb-inner-bg-size:cover;--awb-margin-bottom:0px;width:33.3333333333%;width:calc(33.3333333333% - ( ( 7% + 7% ) * 0.333333333333 ) );margin-right: 7%;\"><span class=\"fusion-column-inner-bg hover-type-none\"><a class=\"fusion-column-anchor\" href=\"https:\/\/sulfix.com.br\/es\/fabricantes-de-automoviles\/\"><span class=\"fusion-column-inner-bg-image\"><\/span><\/a><\/span><div class=\"fusion-column-wrapper fusion-column-has-shadow fusion-flex-column-wrapper-legacy\"><div class=\"fusion-image-element in-legacy-container\" style=\"--awb-caption-title-font-family:var(--h2_typography-font-family);--awb-caption-title-font-weight:var(--h2_typography-font-weight);--awb-caption-title-font-style:var(--h2_typography-font-style);--awb-caption-title-size:var(--h2_typography-font-size);--awb-caption-title-transform:var(--h2_typography-text-transform);--awb-caption-title-line-height:var(--h2_typography-line-height);--awb-caption-title-letter-spacing:var(--h2_typography-letter-spacing);\"><span class=\" fusion-imageframe imageframe-none imageframe-1 hover-type-none\"><img decoding=\"async\" width=\"56\" height=\"52\" alt=\"page-header-buttons-ico-01\" title=\"page-header-buttons-ico-01\" src=\"https:\/\/sulfix.com.br\/wp-content\/uploads\/2018\/10\/page-header-buttons-ico-01.png\" class=\"img-responsive wp-image-434\"\/><\/span><\/div><div class=\"fusion-text fusion-text-2 block-product-page__title\"><h4 style=\"text-align: center;\">PIEZAS PARA EL<br \/>\nSECTOR AUTOMOVIL\u00cdSTICO<\/h4>\n<\/div><div class=\"fusion-clearfix\"><\/div><\/div><\/div><div class=\"fusion-layout-column fusion_builder_column_inner fusion-builder-nested-column-1 fusion_builder_column_inner_1_3 1_3 fusion-one-third fusion-column-inner-bg-wrapper block-product-page\" style=\"--awb-padding-top:0px;--awb-padding-right:0px;--awb-padding-bottom:0px;--awb-padding-left:0px;--awb-inner-bg-size:cover;--awb-margin-bottom:0px;width:33.3333333333%;width:calc(33.3333333333% - ( ( 7% + 7% ) * 0.333333333333 ) );margin-right: 7%;\"><span class=\"fusion-column-inner-bg hover-type-none\"><a class=\"fusion-column-anchor\" href=\"https:\/\/sulfix.com.br\/es\/peliculas-para-proteccion-de-superficies\/\"><span class=\"fusion-column-inner-bg-image\"><\/span><\/a><\/span><div class=\"fusion-column-wrapper fusion-column-has-shadow fusion-flex-column-wrapper-legacy\"><div class=\"fusion-image-element in-legacy-container\" style=\"--awb-caption-title-font-family:var(--h2_typography-font-family);--awb-caption-title-font-weight:var(--h2_typography-font-weight);--awb-caption-title-font-style:var(--h2_typography-font-style);--awb-caption-title-size:var(--h2_typography-font-size);--awb-caption-title-transform:var(--h2_typography-text-transform);--awb-caption-title-line-height:var(--h2_typography-line-height);--awb-caption-title-letter-spacing:var(--h2_typography-letter-spacing);\"><span class=\" fusion-imageframe imageframe-none imageframe-2 hover-type-none\"><img decoding=\"async\" width=\"84\" height=\"52\" alt=\"page-header-buttons-ico-02\" title=\"page-header-buttons-ico-02\" src=\"https:\/\/sulfix.com.br\/wp-content\/uploads\/2018\/09\/page-header-buttons-ico-02.png\" class=\"img-responsive wp-image-390\"\/><\/span><\/div><div class=\"fusion-text fusion-text-3 block-product-page__title\"><h4 style=\"text-align: center;\">PEL\u00cdCULAS PARA<br \/>\nPROTECCI\u00d3N DE SUPERFICIES<\/h4>\n<\/div><div class=\"fusion-clearfix\"><\/div><\/div><\/div><div class=\"fusion-layout-column fusion_builder_column_inner fusion-builder-nested-column-2 fusion_builder_column_inner_1_3 1_3 fusion-one-third fusion-column-last fusion-column-inner-bg-wrapper block-product-page\" style=\"--awb-padding-top:0px;--awb-padding-right:0px;--awb-padding-bottom:0px;--awb-padding-left:0px;--awb-inner-bg-size:cover;--awb-margin-bottom:0px;width:33.3333333333%;width:calc(33.3333333333% - ( ( 7% + 7% ) * 0.333333333333 ) );\"><span class=\"fusion-column-inner-bg hover-type-none\"><a class=\"fusion-column-anchor\" href=\"https:\/\/sulfix.com.br\/es\/peliculas-tecnicas-y-embalajes\/\"><span class=\"fusion-column-inner-bg-image\"><\/span><\/a><\/span><div class=\"fusion-column-wrapper fusion-column-has-shadow fusion-flex-column-wrapper-legacy\"><div class=\"fusion-image-element in-legacy-container\" style=\"--awb-caption-title-font-family:var(--h2_typography-font-family);--awb-caption-title-font-weight:var(--h2_typography-font-weight);--awb-caption-title-font-style:var(--h2_typography-font-style);--awb-caption-title-size:var(--h2_typography-font-size);--awb-caption-title-transform:var(--h2_typography-text-transform);--awb-caption-title-line-height:var(--h2_typography-line-height);--awb-caption-title-letter-spacing:var(--h2_typography-letter-spacing);\"><span class=\" fusion-imageframe imageframe-none imageframe-3 hover-type-none\"><img decoding=\"async\" width=\"44\" height=\"52\" alt=\"page-header-buttons-ico-03\" title=\"page-header-buttons-ico-03\" src=\"https:\/\/sulfix.com.br\/wp-content\/uploads\/2018\/09\/page-header-buttons-ico-03.png\" class=\"img-responsive wp-image-388\"\/><\/span><\/div><div class=\"fusion-text fusion-text-4 block-product-page__title\"><h4 style=\"text-align: center;\">PEL\u00cdCULAS T\u00c9CNICAS<br \/>\nY EMBALAJES<\/h4>\n<\/div><div class=\"fusion-clearfix\"><\/div><\/div><\/div><\/div><div class=\"fusion-clearfix\"><\/div><\/div><\/div><\/div><\/div><div class=\"fusion-fullwidth fullwidth-box fusion-builder-row-2 fusion-parallax-none nonhundred-percent-fullwidth non-hundred-percent-height-scrolling page-product-lines__title-h1\" style=\"--awb-border-radius-top-left:0px;--awb-border-radius-top-right:0px;--awb-border-radius-bottom-right:0px;--awb-border-radius-bottom-left:0px;--awb-padding-top:40px;--awb-padding-bottom:40px;--awb-background-image:url(&quot;https:\/\/sulfix.com.br\/wp-content\/uploads\/2018\/09\/page-header-category-montadoras.jpg&quot;);--awb-background-size:cover;--awb-flex-wrap:wrap;\" ><div class=\"fusion-builder-row fusion-row\"><div class=\"fusion-layout-column fusion_builder_column fusion-builder-column-2 fusion_builder_column_1_1 1_1 fusion-one-full fusion-column-first fusion-column-last\" style=\"--awb-bg-size:cover;--awb-margin-bottom:0px;\"><div class=\"fusion-column-wrapper fusion-column-has-shadow fusion-flex-column-wrapper-legacy\"><div class=\"fusion-text fusion-text-5\"><h1>PIEZAS PARA EL<br \/>\n<strong>SECTOR AUTOMOVIL\u00cdSTICO<\/strong><\/h1>\n<\/div><div class=\"fusion-clearfix\"><\/div><\/div><\/div><\/div><\/div><div class=\"fusion-fullwidth fullwidth-box fusion-builder-row-3 nonhundred-percent-fullwidth non-hundred-percent-height-scrolling\" style=\"--awb-border-radius-top-left:0px;--awb-border-radius-top-right:0px;--awb-border-radius-bottom-right:0px;--awb-border-radius-bottom-left:0px;--awb-flex-wrap:wrap;\" ><div class=\"fusion-builder-row fusion-row\"><div class=\"fusion-layout-column fusion_builder_column fusion-builder-column-3 fusion_builder_column_1_1 1_1 fusion-one-full fusion-column-first fusion-column-last\" style=\"--awb-padding-top:30px;--awb-bg-size:cover;--awb-margin-bottom:0px;\"><div class=\"fusion-column-wrapper fusion-flex-column-wrapper-legacy\"><div class=\"fusion-widget-area awb-widget-area-element fusion-widget-area-1 fusion-content-widget-area menu-product-page\" style=\"--awb-title-color:#ffffff;--awb-padding:0px 0px 0px 0px;\"><div id=\"nav_menu-4\" class=\"widget widget_nav_menu\" style=\"border-style: solid;border-color:transparent;border-width:0px;\"><div class=\"menu-menu-interno-linhas-de-produtos-es-container\"><ul id=\"menu-menu-interno-linhas-de-produtos-es\" class=\"menu\"><li id=\"menu-item-1587\" class=\"menu-item menu-item-type-post_type menu-item-object-page menu-item-1587\"><a href=\"https:\/\/sulfix.com.br\/es\/fabricantes-de-automoviles\/\">Fabricantes de autom\u00f3viles<\/a><\/li>\n<li id=\"menu-item-1588\" class=\"menu-item menu-item-type-post_type menu-item-object-page menu-item-1588\"><a href=\"https:\/\/sulfix.com.br\/es\/fabricantes-de-componentes\/\">Fabricantes de componentes \/ Piezas para autos<\/a><\/li>\n<\/ul><\/div><\/div><div class=\"fusion-additional-widget-content\"><\/div><\/div>\n<div class=\"fusion-clearfix\"><\/div><\/div><\/div><\/div><\/div><div class=\"fusion-fullwidth fullwidth-box fusion-builder-row-4 nonhundred-percent-fullwidth non-hundred-percent-height-scrolling\" style=\"--awb-border-radius-top-left:0px;--awb-border-radius-top-right:0px;--awb-border-radius-bottom-right:0px;--awb-border-radius-bottom-left:0px;--awb-flex-wrap:wrap;\" ><div class=\"fusion-builder-row fusion-row\"><div class=\"fusion-layout-column fusion_builder_column fusion-builder-column-4 fusion_builder_column_1_1 1_1 fusion-one-full fusion-column-first fusion-column-last\" style=\"--awb-bg-size:cover;\"><div class=\"fusion-column-wrapper fusion-flex-column-wrapper-legacy\"><div class=\"fusion-text fusion-text-6\"><h3>PEL\u00cdCULAS PL\u00c1STICAS PROTECTORAS PARA EL INTERIOR DE PUERTAS DE VEH\u00cdCULOS (PEL\u00cdCULAS DE ESTANQUEIDAD)<\/h3>\n<p>Desde 1996 Sulfix suministra, al mercado automovil\u00edstico, pel\u00edculas pl\u00e1sticas protectoras, autoadhesivas, para el interior de puertas de autom\u00f3viles (pel\u00edculas de estanqueidad), que eliminan la utilizaci\u00f3n de papeles o pel\u00edculas siliconadas, de cintas doble cara con solventes en los adhesivos qu\u00edmicos y de cordones de adhesivos but\u00edlicos, proporcionando as\u00ed gran reducci\u00f3n de costes, incremento en la productividad de la l\u00ednea de montaje y m\u00e1s beneficios en lo que concierne a calidad y medio ambiente.<\/p>\n<p>Las pel\u00edculas pl\u00e1sticas Sulfix, para proteger el interior de puertas de autos, resultan de la m\u00e1s alta tecnolog\u00eda en el segmento y tienen como caracter\u00edsticas:<\/p>\n<ul style=\"color: #3c87b3; padding-left: 20px;\">\n<li><strong>Alta resistencia al rompimiento<\/strong><\/li>\n<li><strong>Retardo en la propagaci\u00f3n del fuego<\/strong><\/li>\n<li><strong>Alta resistencia al agua<\/strong><\/li>\n<li><strong>Alta resistencia a variaciones clim\u00e1ticas<\/strong><\/li>\n<li><strong>Adhesivos de gran eficacia, especialmente desarrollados para esa finalidad.<\/strong><\/li>\n<\/ul>\n<p>Nuestros productos son fabricados seg\u00fan las especificaciones de los clientes (a medida), tanto en caracter\u00edsticas f\u00edsicas y dimensionales, como de dise\u00f1o para aplicaci\u00f3n de los adhesivos. Nuestra capacidad de producci\u00f3n supera los 7 millones de piezas\/a\u00f1o y puede ser f\u00e1cilmente aumentada seg\u00fan la demanda.<\/p>\n<p>Nuestras pel\u00edculas para el interior de puertas de autos (pel\u00edculas de estanqueidad) son producidas en maquinaria moderna y automatizada.\u00a0 Son recortadas seg\u00fan el proyecto del cliente y suministradas en forma plana o moldada, sobre placas de fibra de madera prensada, con 100 pel\u00edculas o m\u00e1s por placa. Tienen menor coste y no generan residuos s\u00f3lidos en la l\u00ednea de montaje. Todo el proceso de fabricaci\u00f3n de las pel\u00edculas protectoras Sulfix para puertas de autos posee la certificaci\u00f3n IATF 16949 e ISO 9001.<\/p>\n<\/div><div class=\"fusion-sep-clear\"><\/div><div class=\"fusion-separator fusion-full-width-sep\" style=\"margin-left: auto;margin-right: auto;margin-top:20px;width:100%;\"><\/div><div class=\"fusion-sep-clear\"><\/div><div class=\"fusion-text fusion-text-7\"><h3 class=\"title-01\">PROTECTORES DE ACABADOS DE INTERIORES DE AUTOS, CAMIONES Y AUTOBUSES<\/h3>\n<p>Son piezas en polietileno, con aplicaci\u00f3n de adhesivos t\u00e9cnicos, contornadas seg\u00fan la necesidad de cada aplicaci\u00f3n, y tienen como finalidad principal proteger partes de acabados internos de autom\u00f3viles entre el momento del montaje y la entrega al consumidor final, como por ejemplo taloneras o estribos de puertas, paneles, techos moldados y pilares A, B y C.<\/p>\n<\/div><div class=\"fusion-sep-clear\"><\/div><div class=\"fusion-separator fusion-full-width-sep\" style=\"margin-left: auto;margin-right: auto;margin-top:20px;width:100%;\"><\/div><div class=\"fusion-sep-clear\"><\/div><div class=\"fusion-text fusion-text-8\"><h3 class=\"title-01\">ENMASCARAMIENTO PARA PINTURA<\/h3>\n<p>Son productos suministrados en bobinas o piezas sobrepuestas, con aletas para separarlas y contornos definidos. Sirven para proteger piezas durante procesos de pintura (parachoques y guardabarros, por ejemplo) o de aplicaci\u00f3n de revestimientos.<\/p>\n<\/div><div class=\"fusion-sep-clear\"><\/div><div class=\"fusion-separator fusion-full-width-sep\" style=\"margin-left: auto;margin-right: auto;margin-top:20px;width:100%;\"><\/div><div class=\"fusion-sep-clear\"><\/div><div class=\"fusion-clearfix\"><\/div><\/div><\/div><\/div><\/div><div class=\"fusion-fullwidth fullwidth-box fusion-builder-row-5 nonhundred-percent-fullwidth non-hundred-percent-height-scrolling page-product-lines__icons\" style=\"--awb-border-radius-top-left:0px;--awb-border-radius-top-right:0px;--awb-border-radius-bottom-right:0px;--awb-border-radius-bottom-left:0px;--awb-flex-wrap:wrap;\" ><div class=\"fusion-builder-row fusion-row\"><div class=\"fusion-layout-column fusion_builder_column fusion-builder-column-5 fusion_builder_column_1_6 1_6 fusion-one-sixth fusion-column-first\" style=\"--awb-bg-size:cover;width:16.6666666667%;width:calc(16.6666666667% - ( ( 0% + 0% + 0% + 0% + 0% ) * 0.166666666667 ) );margin-right: 0%;\"><div class=\"fusion-column-wrapper fusion-flex-column-wrapper-legacy\"><div class=\"fusion-image-element in-legacy-container\" style=\"--awb-caption-title-font-family:var(--h2_typography-font-family);--awb-caption-title-font-weight:var(--h2_typography-font-weight);--awb-caption-title-font-style:var(--h2_typography-font-style);--awb-caption-title-size:var(--h2_typography-font-size);--awb-caption-title-transform:var(--h2_typography-text-transform);--awb-caption-title-line-height:var(--h2_typography-line-height);--awb-caption-title-letter-spacing:var(--h2_typography-letter-spacing);\"><span class=\" fusion-imageframe imageframe-none imageframe-4 hover-type-none\"><a href=\"https:\/\/sulfix.wpengine.com\/wp-content\/uploads\/2018\/10\/vedadores-para-interior-portas-automoveis.jpg\" class=\"fusion-lightbox\" data-rel=\"iLightbox[1]\" title=\"Vedadores para Portas de Autom\u00f3veis\"><img decoding=\"async\" width=\"700\" height=\"490\" alt=\"Vedadores para Portas de Autom\u00f3veis\" src=\"https:\/\/sulfix.com.br\/wp-content\/uploads\/2018\/10\/thum-vedadores-para-portas-1.png\" class=\"img-responsive wp-image-426\"\/><\/a><\/span><\/div><div class=\"fusion-clearfix\"><\/div><\/div><\/div><div class=\"fusion-layout-column fusion_builder_column fusion-builder-column-6 fusion_builder_column_1_6 1_6 fusion-one-sixth\" style=\"--awb-bg-size:cover;width:16.6666666667%;width:calc(16.6666666667% - ( ( 0% + 0% + 0% + 0% + 0% ) * 0.166666666667 ) );margin-right: 0%;\"><div class=\"fusion-column-wrapper fusion-flex-column-wrapper-legacy\"><div class=\"fusion-image-element in-legacy-container\" style=\"--awb-caption-title-font-family:var(--h2_typography-font-family);--awb-caption-title-font-weight:var(--h2_typography-font-weight);--awb-caption-title-font-style:var(--h2_typography-font-style);--awb-caption-title-size:var(--h2_typography-font-size);--awb-caption-title-transform:var(--h2_typography-text-transform);--awb-caption-title-line-height:var(--h2_typography-line-height);--awb-caption-title-letter-spacing:var(--h2_typography-letter-spacing);\"><span class=\" fusion-imageframe imageframe-none imageframe-5 hover-type-none\"><a href=\"https:\/\/sulfix.wpengine.com\/wp-content\/uploads\/2018\/10\/vedadores-para-interior-portas-automoveis-2.jpg\" class=\"fusion-lightbox\" data-rel=\"iLightbox[1]\" title=\"Vedadores para Portas de Autom\u00f3veis\"><img decoding=\"async\" width=\"700\" height=\"490\" alt=\"Vedadores para Portas de Autom\u00f3veis\" src=\"https:\/\/sulfix.com.br\/wp-content\/uploads\/2018\/10\/thum-vedadores-para-portas-2.png\" class=\"img-responsive wp-image-436\"\/><\/a><\/span><\/div><div class=\"fusion-clearfix\"><\/div><\/div><\/div><div class=\"fusion-layout-column fusion_builder_column fusion-builder-column-7 fusion_builder_column_1_6 1_6 fusion-one-sixth\" style=\"--awb-bg-size:cover;width:16.6666666667%;width:calc(16.6666666667% - ( ( 0% + 0% + 0% + 0% + 0% ) * 0.166666666667 ) );margin-right: 0%;\"><div class=\"fusion-column-wrapper fusion-flex-column-wrapper-legacy\"><div class=\"fusion-image-element in-legacy-container\" style=\"--awb-caption-title-font-family:var(--h2_typography-font-family);--awb-caption-title-font-weight:var(--h2_typography-font-weight);--awb-caption-title-font-style:var(--h2_typography-font-style);--awb-caption-title-size:var(--h2_typography-font-size);--awb-caption-title-transform:var(--h2_typography-text-transform);--awb-caption-title-line-height:var(--h2_typography-line-height);--awb-caption-title-letter-spacing:var(--h2_typography-letter-spacing);\"><span class=\" fusion-imageframe imageframe-none imageframe-6 hover-type-none\"><a href=\"https:\/\/sulfix.wpengine.com\/wp-content\/uploads\/2018\/10\/vedadores-para-interior-portas-automoveis-3.jpg\" class=\"fusion-lightbox\" data-rel=\"iLightbox[1]\" title=\"Vedadores para Portas de Autom\u00f3veis\"><img decoding=\"async\" width=\"700\" height=\"490\" alt=\"Vedadores para Portas de Autom\u00f3veis\" src=\"https:\/\/sulfix.com.br\/wp-content\/uploads\/2018\/10\/thum-vedadores-para-portas-3.png\" class=\"img-responsive wp-image-440\"\/><\/a><\/span><\/div><div class=\"fusion-clearfix\"><\/div><\/div><\/div><div class=\"fusion-layout-column fusion_builder_column fusion-builder-column-8 fusion_builder_column_1_6 1_6 fusion-one-sixth\" style=\"--awb-bg-size:cover;width:16.6666666667%;width:calc(16.6666666667% - ( ( 0% + 0% + 0% + 0% + 0% ) * 0.166666666667 ) );margin-right: 0%;\"><div class=\"fusion-column-wrapper fusion-flex-column-wrapper-legacy\"><div class=\"fusion-image-element in-legacy-container\" style=\"--awb-caption-title-font-family:var(--h2_typography-font-family);--awb-caption-title-font-weight:var(--h2_typography-font-weight);--awb-caption-title-font-style:var(--h2_typography-font-style);--awb-caption-title-size:var(--h2_typography-font-size);--awb-caption-title-transform:var(--h2_typography-text-transform);--awb-caption-title-line-height:var(--h2_typography-line-height);--awb-caption-title-letter-spacing:var(--h2_typography-letter-spacing);\"><span class=\" fusion-imageframe imageframe-none imageframe-7 hover-type-none\"><a href=\"https:\/\/sulfix.wpengine.com\/wp-content\/uploads\/2018\/10\/vedadores-para-interior-portas-automoveis-4.jpg\" class=\"fusion-lightbox\" data-rel=\"iLightbox[1]\" title=\"Vedadores para Portas de Autom\u00f3veis\"><img decoding=\"async\" width=\"111\" height=\"111\" alt=\"Vedadores para Portas de Autom\u00f3veis\" src=\"https:\/\/sulfix.com.br\/wp-content\/uploads\/2018\/10\/thum-vedadores-para-portas-4.png\" class=\"img-responsive wp-image-442\" srcset=\"https:\/\/sulfix.wpenginepowered.com\/wp-content\/uploads\/2018\/10\/thum-vedadores-para-portas-4-66x66.png 66w, https:\/\/sulfix.wpenginepowered.com\/wp-content\/uploads\/2018\/10\/thum-vedadores-para-portas-4.png 111w\" sizes=\"(max-width: 111px) 100vw, 111px\" \/><\/a><\/span><\/div><div class=\"fusion-clearfix\"><\/div><\/div><\/div><div class=\"fusion-layout-column fusion_builder_column fusion-builder-column-9 fusion_builder_column_1_6 1_6 fusion-one-sixth\" style=\"--awb-bg-size:cover;width:16.6666666667%;width:calc(16.6666666667% - ( ( 0% + 0% + 0% + 0% + 0% ) * 0.166666666667 ) );margin-right: 0%;\"><div class=\"fusion-column-wrapper fusion-flex-column-wrapper-legacy\"><div class=\"fusion-image-element in-legacy-container\" style=\"--awb-caption-title-font-family:var(--h2_typography-font-family);--awb-caption-title-font-weight:var(--h2_typography-font-weight);--awb-caption-title-font-style:var(--h2_typography-font-style);--awb-caption-title-size:var(--h2_typography-font-size);--awb-caption-title-transform:var(--h2_typography-text-transform);--awb-caption-title-line-height:var(--h2_typography-line-height);--awb-caption-title-letter-spacing:var(--h2_typography-letter-spacing);\"><span class=\" fusion-imageframe imageframe-none imageframe-8 hover-type-none\"><a href=\"https:\/\/sulfix.wpengine.com\/wp-content\/uploads\/2018\/10\/door-panel-barrier.png\" class=\"fusion-lightbox\" data-rel=\"iLightbox[1]\" title=\"Vedadores para portas\"><img decoding=\"async\" width=\"900\" height=\"633\" alt=\"Vedadores para Portas de Autom\u00f3veis\" src=\"https:\/\/sulfix.com.br\/wp-content\/uploads\/2018\/10\/thum-vedadores-para-portas-5.png\" class=\"img-responsive wp-image-448\"\/><\/a><\/span><\/div><div class=\"fusion-clearfix\"><\/div><\/div><\/div><div class=\"fusion-layout-column fusion_builder_column fusion-builder-column-10 fusion_builder_column_1_6 1_6 fusion-one-sixth fusion-column-last\" style=\"--awb-bg-size:cover;width:16.6666666667%;width:calc(16.6666666667% - ( ( 0% + 0% + 0% + 0% + 0% ) * 0.166666666667 ) );\"><div class=\"fusion-column-wrapper fusion-flex-column-wrapper-legacy\"><div class=\"fusion-clearfix\"><\/div><\/div><\/div><\/div><\/div><\/p>\n","protected":false},"excerpt":{"rendered":"","protected":false},"author":1,"featured_media":0,"parent":0,"menu_order":0,"comment_status":"closed","ping_status":"closed","template":"100-width.php","meta":{"footnotes":""},"class_list":["post-1582","page","type-page","status-publish","hentry"],"aioseo_notices":[],"_links":{"self":[{"href":"https:\/\/sulfix.com.br\/es\/wp-json\/wp\/v2\/pages\/1582","targetHints":{"allow":["GET"]}}],"collection":[{"href":"https:\/\/sulfix.com.br\/es\/wp-json\/wp\/v2\/pages"}],"about":[{"href":"https:\/\/sulfix.com.br\/es\/wp-json\/wp\/v2\/types\/page"}],"author":[{"embeddable":true,"href":"https:\/\/sulfix.com.br\/es\/wp-json\/wp\/v2\/users\/1"}],"replies":[{"embeddable":true,"href":"https:\/\/sulfix.com.br\/es\/wp-json\/wp\/v2\/comments?post=1582"}],"version-history":[{"count":0,"href":"https:\/\/sulfix.com.br\/es\/wp-json\/wp\/v2\/pages\/1582\/revisions"}],"wp:attachment":[{"href":"https:\/\/sulfix.com.br\/es\/wp-json\/wp\/v2\/media?parent=1582"}],"curies":[{"name":"wp","href":"https:\/\/api.w.org\/{rel}","templated":true}]}}