{"id":1584,"date":"2021-05-10T14:48:13","date_gmt":"2021-05-10T17:48:13","guid":{"rendered":"https:\/\/sulfix.com.br\/solucoes\/"},"modified":"2021-05-10T16:08:17","modified_gmt":"2021-05-10T19:08:17","slug":"soluciones","status":"publish","type":"page","link":"https:\/\/sulfix.com.br\/es\/soluciones\/","title":{"rendered":"Soluciones"},"content":{"rendered":"<p><div class=\"fusion-fullwidth fullwidth-box fusion-builder-row-1 fusion-parallax-fixed nonhundred-percent-fullwidth non-hundred-percent-height-scrolling page-about-us__page-title\" style=\"--awb-border-radius-top-left:0px;--awb-border-radius-top-right:0px;--awb-border-radius-bottom-right:0px;--awb-border-radius-bottom-left:0px;--awb-padding-top:164px;--awb-padding-bottom:94px;--awb-background-image:url(&quot;https:\/\/sulfix.wpengine.com\/wp-content\/uploads\/2018\/10\/page-header-about-us-solutions.jpg&quot;);--awb-background-size:cover;--awb-flex-wrap:wrap;background-attachment:fixed;\" ><div class=\"fusion-builder-row fusion-row\"><div class=\"fusion-layout-column fusion_builder_column fusion-builder-column-0 fusion_builder_column_1_5 1_5 fusion-one-fifth fusion-column-first page-about-us__page-title-image\" style=\"--awb-padding-top:20px;--awb-padding-right:30px;--awb-padding-bottom:20px;--awb-padding-left:30px;--awb-bg-color:#ffffff;--awb-bg-color-hover:#ffffff;--awb-bg-size:cover;--awb-margin-bottom:0px;width:20%;width:calc(20% - ( ( 4% ) * 0.2 ) );margin-right: 4%;\"><div class=\"fusion-column-wrapper fusion-column-has-shadow fusion-flex-column-wrapper-legacy\"><div class=\"fusion-image-element fusion-image-align-center in-legacy-container\" style=\"text-align:center;--awb-caption-title-font-family:var(--h2_typography-font-family);--awb-caption-title-font-weight:var(--h2_typography-font-weight);--awb-caption-title-font-style:var(--h2_typography-font-style);--awb-caption-title-size:var(--h2_typography-font-size);--awb-caption-title-transform:var(--h2_typography-text-transform);--awb-caption-title-line-height:var(--h2_typography-line-height);--awb-caption-title-letter-spacing:var(--h2_typography-letter-spacing);\"><div class=\"imageframe-align-center\"><span class=\" fusion-imageframe imageframe-none imageframe-1 hover-type-none\"><img decoding=\"async\" width=\"73\" height=\"74\" title=\"icone sobre\" src=\"https:\/\/sulfix.com.br\/wp-content\/uploads\/2018\/09\/page-header-about-us-ico.jpg\" alt class=\"img-responsive wp-image-364\" srcset=\"https:\/\/sulfix.wpenginepowered.com\/wp-content\/uploads\/2018\/09\/page-header-about-us-ico-66x66.jpg 66w, https:\/\/sulfix.wpenginepowered.com\/wp-content\/uploads\/2018\/09\/page-header-about-us-ico.jpg 73w\" sizes=\"(max-width: 73px) 100vw, 73px\" \/><\/span><\/div><\/div><div class=\"fusion-clearfix\"><\/div><\/div><\/div><div class=\"fusion-layout-column fusion_builder_column fusion-builder-column-1 fusion_builder_column_4_5 4_5 fusion-four-fifth fusion-column-last page-about-us__page-title-text\" style=\"--awb-padding-top:30px;--awb-bg-size:cover;--awb-margin-bottom:0px;width:80%;width:calc(80% - ( ( 4% ) * 0.8 ) );\"><div class=\"fusion-column-wrapper fusion-column-has-shadow fusion-flex-column-wrapper-legacy\"><div class=\"fusion-text fusion-text-1\"><h2>QUIENES SOMOS<\/h2>\n<\/div><div class=\"fusion-clearfix\"><\/div><\/div><\/div><div class=\"fusion-layout-column fusion_builder_column fusion-builder-column-2 fusion_builder_column_1_1 1_1 fusion-one-full fusion-column-first fusion-column-last page-about-us__button-back\" style=\"--awb-bg-size:cover;\"><div class=\"fusion-column-wrapper fusion-column-has-shadow fusion-flex-column-wrapper-legacy\"><a href=\"\/es\/#_quem-somos\"> \n\t<i class=\"fas fa-angle-left\"><\/i> <span> Volver  <\/span>\n<\/a><div class=\"fusion-clearfix\"><\/div><\/div><\/div><\/div><\/div><div class=\"fusion-fullwidth fullwidth-box fusion-builder-row-2 nonhundred-percent-fullwidth non-hundred-percent-height-scrolling\" style=\"--awb-border-radius-top-left:0px;--awb-border-radius-top-right:0px;--awb-border-radius-bottom-right:0px;--awb-border-radius-bottom-left:0px;--awb-margin-top:30px;--awb-flex-wrap:wrap;\" ><div class=\"fusion-builder-row fusion-row\"><div class=\"fusion-layout-column fusion_builder_column fusion-builder-column-3 fusion_builder_column_1_1 1_1 fusion-one-full fusion-column-first fusion-column-last menu-infra\" style=\"--awb-bg-size:cover;\"><div class=\"fusion-column-wrapper fusion-flex-column-wrapper-legacy\"><div class=\"fusion-widget-area awb-widget-area-element fusion-widget-area-1 fusion-content-widget-area menu-product-page\" style=\"--awb-title-color:#ffffff;--awb-padding:0px 0px 0px 0px;\"><div id=\"nav_menu-5\" class=\"widget widget_nav_menu\" style=\"border-style: solid;border-color:transparent;border-width:0px;\"><div class=\"menu-menu-interno-quem-somos-es-container\"><ul id=\"menu-menu-interno-quem-somos-es\" class=\"menu\"><li id=\"menu-item-1595\" class=\"menu-item menu-item-type-post_type menu-item-object-page menu-item-1595\"><a href=\"https:\/\/sulfix.com.br\/es\/espiritu-pionero\/\">Esp\u00edritu Pionero<\/a><\/li>\n<li id=\"menu-item-1596\" class=\"menu-item menu-item-type-post_type menu-item-object-page menu-item-1596\"><a href=\"https:\/\/sulfix.com.br\/es\/infraestructura\/\">Infraestructura<\/a><\/li>\n<li id=\"menu-item-1597\" class=\"menu-item menu-item-type-post_type menu-item-object-page menu-item-1597\"><a href=\"https:\/\/sulfix.com.br\/es\/certificaciones\/\">Certificaciones<\/a><\/li>\n<li id=\"menu-item-1598\" class=\"menu-item menu-item-type-post_type menu-item-object-page menu-item-1598\"><a href=\"https:\/\/sulfix.com.br\/es\/laboratorios\/\">Laboratorios<\/a><\/li>\n<li id=\"menu-item-1599\" class=\"menu-item menu-item-type-post_type menu-item-object-page menu-item-1599\"><a href=\"https:\/\/sulfix.com.br\/es\/soluciones\/\">Soluciones<\/a><\/li>\n<\/ul><\/div><\/div><div class=\"fusion-additional-widget-content\"><\/div><\/div>\n<div class=\"fusion-clearfix\"><\/div><\/div><\/div><\/div><\/div>\n<div class=\"fusion-fullwidth fullwidth-box fusion-builder-row-3 nonhundred-percent-fullwidth non-hundred-percent-height-scrolling\" style=\"--awb-border-radius-top-left:0px;--awb-border-radius-top-right:0px;--awb-border-radius-bottom-right:0px;--awb-border-radius-bottom-left:0px;--awb-flex-wrap:wrap;\" ><div class=\"fusion-builder-row fusion-row\"><div class=\"fusion-layout-column fusion_builder_column fusion-builder-column-4 fusion_builder_column_1_1 1_1 fusion-one-full fusion-column-first fusion-column-last\" style=\"--awb-bg-size:cover;\"><div class=\"fusion-column-wrapper fusion-flex-column-wrapper-legacy\"><div class=\"fusion-text fusion-text-2\"><h1>APLICACI\u00d3N CONTINUA DE ADHESIVOS \u2013 PEL\u00cdCULAS DE PROTECCI\u00d3N<\/h1>\n<\/div><div class=\"fusion-text fusion-text-3\"><p>M\u00e1quinas modernas, con alto grado de automaci\u00f3n y de control de proceso, tienen sistemas especiales de aplicaci\u00f3n de adhesivos, que dan uniformidad en su distribuci\u00f3n sobre le pel\u00edcula y repetibilidad.<\/p>\n<p>Usamos adhesivos totalmente at\u00f3xicos, libres de solventes, que no da\u00f1an el medio ambiente ni tampoco el producto terminado. Su formulaci\u00f3n asegura que no manchen ni dejen vestigios en los productos que protegen.<\/p>\n<\/div><div class=\"fusion-clearfix\"><\/div><\/div><\/div><div class=\"fusion-layout-column fusion_builder_column fusion-builder-column-5 fusion_builder_column_1_1 1_1 fusion-one-full fusion-column-first fusion-column-last\" style=\"--awb-bg-size:cover;\"><div class=\"fusion-column-wrapper fusion-flex-column-wrapper-legacy\"><div class=\"fusion-text fusion-text-4\"><h1>APLICACI\u00d3N DE ADHESIVOS LOCALIZADA \u2013 COMPONENTES PARA AUTOS<\/h1>\n<\/div><div class=\"fusion-text fusion-text-5\"><p>M\u00e1quinas de \u00faltima generaci\u00f3n, automatizadas, programables, con gran definici\u00f3n en la aplicaci\u00f3n de los adhesivos seg\u00fan el dise\u00f1o del cliente. Tambi\u00e9n usan adhesivos at\u00f3xicos, totalmente libres de solventes.<\/p>\n<\/div><div class=\"fusion-clearfix\"><\/div><\/div><\/div><div class=\"fusion-layout-column fusion_builder_column fusion-builder-column-6 fusion_builder_column_1_1 1_1 fusion-one-full fusion-column-first fusion-column-last\" style=\"--awb-bg-size:cover;\"><div class=\"fusion-column-wrapper fusion-flex-column-wrapper-legacy\"><div class=\"fusion-text fusion-text-6\"><h1>EXTRUSI\u00d3N<\/h1>\n<\/div><div class=\"fusion-text fusion-text-7\"><p>Extrusoras proyectadas para la fabricaci\u00f3n de pel\u00edculas de polietileno de alta precisi\u00f3n, con anchura de hasta 2.200mm. Los productos generados en nuestras m\u00e1quinas presentan excelentes caracter\u00edsticas de resistencia, color, tratamiento electrost\u00e1tico, espesor y planicidad.<\/p>\n<\/div><div class=\"fusion-clearfix\"><\/div><\/div><\/div><div class=\"fusion-layout-column fusion_builder_column fusion-builder-column-7 fusion_builder_column_1_1 1_1 fusion-one-full fusion-column-first fusion-column-last\" style=\"--awb-bg-size:cover;\"><div class=\"fusion-column-wrapper fusion-flex-column-wrapper-legacy\"><div class=\"fusion-text fusion-text-8\"><h1>IMPRESI\u00d3N<\/h1>\n<\/div><div class=\"fusion-text fusion-text-9\"><p>Impresora flexogr\u00e1fica, banda s\u00faper ancha (1.900mm). Puede hacer impresiones a doble cara simult\u00e1neamente, con anchura final de hasta 3.800mm (en el caso de pel\u00edculas abiertas por uno de los lados).<\/p>\n<p>Se puede imprimir sobre materiales como LDPE, LLDPE y HDPE.<\/p>\n<\/div><div class=\"fusion-clearfix\"><\/div><\/div><\/div><\/div><\/div><\/p>\n","protected":false},"excerpt":{"rendered":"","protected":false},"author":1,"featured_media":0,"parent":0,"menu_order":0,"comment_status":"closed","ping_status":"closed","template":"100-width.php","meta":{"footnotes":""},"class_list":["post-1584","page","type-page","status-publish","hentry"],"aioseo_notices":[],"_links":{"self":[{"href":"https:\/\/sulfix.com.br\/es\/wp-json\/wp\/v2\/pages\/1584","targetHints":{"allow":["GET"]}}],"collection":[{"href":"https:\/\/sulfix.com.br\/es\/wp-json\/wp\/v2\/pages"}],"about":[{"href":"https:\/\/sulfix.com.br\/es\/wp-json\/wp\/v2\/types\/page"}],"author":[{"embeddable":true,"href":"https:\/\/sulfix.com.br\/es\/wp-json\/wp\/v2\/users\/1"}],"replies":[{"embeddable":true,"href":"https:\/\/sulfix.com.br\/es\/wp-json\/wp\/v2\/comments?post=1584"}],"version-history":[{"count":0,"href":"https:\/\/sulfix.com.br\/es\/wp-json\/wp\/v2\/pages\/1584\/revisions"}],"wp:attachment":[{"href":"https:\/\/sulfix.com.br\/es\/wp-json\/wp\/v2\/media?parent=1584"}],"curies":[{"name":"wp","href":"https:\/\/api.w.org\/{rel}","templated":true}]}}