{"id":1659,"date":"2023-07-25T16:42:04","date_gmt":"2023-07-25T19:42:04","guid":{"rendered":"https:\/\/sulfix.com.br\/politica-de-privacidade\/"},"modified":"2023-07-26T14:21:37","modified_gmt":"2023-07-26T17:21:37","slug":"politica-de-privacidad","status":"publish","type":"page","link":"https:\/\/sulfix.com.br\/es\/politica-de-privacidad\/","title":{"rendered":"Pol\u00edtica de privacidad"},"content":{"rendered":"<div class=\"fusion-fullwidth fullwidth-box fusion-builder-row-1 fusion-flex-container nonhundred-percent-fullwidth non-hundred-percent-height-scrolling\" style=\"--awb-border-radius-top-left:0px;--awb-border-radius-top-right:0px;--awb-border-radius-bottom-right:0px;--awb-border-radius-bottom-left:0px;--awb-margin-top:64px;--awb-flex-wrap:wrap;\" ><div class=\"fusion-builder-row fusion-row fusion-flex-align-items-flex-start fusion-flex-content-wrap\" style=\"max-width:1144px;margin-left: calc(-4% \/ 2 );margin-right: calc(-4% \/ 2 );\"><div class=\"fusion-layout-column fusion_builder_column fusion-builder-column-0 fusion_builder_column_1_1 1_1 fusion-flex-column\" style=\"--awb-bg-size:cover;--awb-width-large:100%;--awb-margin-top-large:0px;--awb-spacing-right-large:1.92%;--awb-margin-bottom-large:0px;--awb-spacing-left-large:1.92%;--awb-width-medium:100%;--awb-spacing-right-medium:1.92%;--awb-spacing-left-medium:1.92%;--awb-width-small:100%;--awb-spacing-right-small:1.92%;--awb-spacing-left-small:1.92%;\"><div class=\"fusion-column-wrapper fusion-flex-justify-content-flex-start fusion-content-layout-column\"><div class=\"fusion-text fusion-text-1\"><h1>AVISO DE PRIVACIDAD<\/h1>\n<p>\u00a1La seguridad y la privacidad son principios b\u00e1sicos de nuestra empresa! Tambi\u00e9n creemos que la transparencia es fundamental en el manejo de la informaci\u00f3n y nos empe\u00f1amos en cumplir los requisitos de la ley brasile\u00f1a de n\u00ba 13.709\/2018, conocida como Ley General de Protecci\u00f3n de Datos (LGPD).<\/p>\n<p>Por lo tanto, nos comprometemos a la privacidad de nuestros clientes, empleados, proveedores, visitantes, socios comerciales y cualquier persona que acceda a nuestro sitio web e instalaciones f\u00edsicas o que eventualmente nos env\u00ede datos personales como resultado de nuestra relaci\u00f3n.<\/p>\n<p>Luego, este aviso describe c\u00f3mo obtenemos, almacenamos, usamos, compartimos y manejamos su informaci\u00f3n personal. Por ella entendemos el conjunto de datos de una persona natural, que permite identificarla, directa o indirectamente, a partir de la informaci\u00f3n recogida en el marco de nuestra relaci\u00f3n comercial y profesional.<\/p>\n<p>Los principios establecidos en este aviso de privacidad se aplican a cualquier informaci\u00f3n personal que usted proporcione a SULFIX y\/o que recopilemos sobre usted de otras fuentes.<\/p>\n<p><strong>Informaciones que recopilamos<\/strong><\/p>\n<p>Cuando necesitamos sus datos personales, generalmente se los preguntamos directamente en alg\u00fan momento de nuestra relaci\u00f3n, ocasi\u00f3n en que le informamos del motivo de la solicitud, es decir, los llamados fundamentos legales.<\/p>\n<\/div>\n<div class=\"table-1 policy-table\">\n<table width=\"100%\">\n<thead>\n<tr>\n<th align=\"left\">TITULAR<\/th>\n<th align=\"left\" width=\"250px\">DATOS PERSONALES<\/th>\n<th align=\"left\">FINALIDAD<\/th>\n<th align=\"left\">REQUISITO AUTORIZADOR (FUNDAMENTO LEGAL)<\/th>\n<\/tr>\n<\/thead>\n<tbody>\n<tr>\n<td align=\"left\">USUARIOS DEL SITIO WEB<\/td>\n<td align=\"left\">Direcci\u00f3n IP y ubicaci\u00f3n<\/td>\n<td align=\"left\">Acceso al Aviso de Cookies<\/td>\n<td align=\"left\">Cookies anal\u00edticas y de rendimiento: Consentimiento (Art. 7\u00ba, I, ley brasile\u00f1a de n\u00ba 13.709\/2018)<\/td>\n<\/tr>\n<tr>\n<td align=\"left\">USUARIOS DEL SITIO WEB<\/td>\n<td align=\"left\">Nombre<br \/>\nDirecci\u00f3n de correo electr\u00f3nico<\/td>\n<td align=\"left\">Contacto<br \/>\nAclarar dudas<\/td>\n<td align=\"left\">Inter\u00e9s leg\u00edtimo del responsable del tratamiento de los datos (Art. 7\u00ba, IX, ley brasile\u00f1a de N\u00ba 13.709\/2018)<\/td>\n<\/tr>\n<tr>\n<td align=\"left\">EMPLEADOS O REPRESENTANTES LEGALES DE CLIENTES<\/td>\n<td align=\"left\">Nombre<br \/>\nApellidos<br \/>\nDirecci\u00f3n de correo electr\u00f3nico<br \/>\nTel\u00e9fono<br \/>\nCPF (identificaci\u00f3n fiscal en Brasil)<\/td>\n<td align=\"left\">1 &#8211; Prospecci\u00f3n<\/p>\n<p>2 &#8211; Presupuesto<\/p>\n<p>3 &#8211; Cumplimiento de las obligaciones contractuales<\/p>\n<p>4 &#8211; An\u00e1lisis de cr\u00e9dito<\/p>\n<p>5 &#8211; Resolver reclamos y aclarar dudas<\/td>\n<td align=\"left\">1 &#8211; Datos p\u00fablicos: Consentimiento (Art. 7, I, \u00a74, Ley n. 13.709\/2018). Contactos anteriores realizados en ferias: Inter\u00e9s leg\u00edtimo del responsable del tratamiento de los datos (Art. 7, IX, ley brasile\u00f1a de N\u00ba 13.709\/2018);<\/p>\n<p>2 &#8211; Inter\u00e9s Leg\u00edtimo del responsable del tratamiento de los datos (Art. 7, IX, ley brasile\u00f1a de N\u00ba 13.709\/2018);<\/p>\n<p>3 &#8211; Ejecuci\u00f3n del Contrato;<\/p>\n<p>4 &#8211; Protecci\u00f3n del cr\u00e9dito (Art. 7, X, ley brasile\u00f1a de N\u00ba 13.709\/2018);<\/p>\n<p>5 &#8211; Inter\u00e9s Leg\u00edtimo del responsable del tratamiento de los datos (Art. 7, IX, ley brasile\u00f1a de N\u00ba 13.709\/2018)<\/td>\n<\/tr>\n<tr>\n<td align=\"left\">EMPLEADOS DE PROVEEDORES Y CONTRATISTAS (INDEPENDIENTES)<\/td>\n<td align=\"left\">Nombre<br \/>\nApellidos<br \/>\nDirecci\u00f3n de correo electr\u00f3nico<br \/>\nTel\u00e9fono<\/td>\n<td align=\"left\">Presupuesto y Cumplimiento de obligaciones contractuales<\/td>\n<td align=\"left\">Ejecuci\u00f3n de contrato o de procedimientos preliminares relacionados con un contrato en el que el interesado es parte, a solicitud del interesado (Art. 7, V, ley brasile\u00f1a de N\u00ba 13.709\/2018)<\/td>\n<\/tr>\n<tr>\n<td align=\"left\">EMPLEADOS DE EMPRESAS DE TRANSPORTE<\/td>\n<td align=\"left\">Nombre<br \/>\nApellidos<br \/>\nRG (documento nacional de identidad)<br \/>\nCNH (carn\u00e9 de conducir en Brasil) y firma<\/td>\n<td align=\"left\">Control de transporte de mercanc\u00edas de clientes<\/td>\n<td align=\"left\">Inter\u00e9s leg\u00edtimo del responsable del tratamiento de los datos (Art. 7\u00ba, IX, ley brasile\u00f1a de N\u00ba 13.709\/2018)<\/td>\n<\/tr>\n<tr>\n<td align=\"left\">VISITANTES Y CONTRATISTAS (INDEPENDIENTES)<\/td>\n<td align=\"left\">Nombre<br \/>\nRG (documento nacional de identidad)<br \/>\nCPF (identificaci\u00f3n fiscal en Brasil)<br \/>\nCNH (carn\u00e9 de conducir en Brasil) Matr\u00edcula y modelo del veh\u00edculo<\/td>\n<td align=\"left\">Liberar acceso en la entrada de la empresa.<\/td>\n<td align=\"left\">Inter\u00e9s leg\u00edtimo del responsable del tratamiento de los datos (Art. 7\u00ba, IX, ley brasile\u00f1a de N\u00ba 13.709\/2018)<\/td>\n<\/tr>\n<tr>\n<td align=\"left\">EMPLEADOS DE EMPRESAS DE TRABAJO TEMPORAL<\/td>\n<td align=\"left\">1 &#8211; Nombre<br \/>\nApellidos<br \/>\nRG (documento nacional de identidad)<br \/>\nCPF (identificaci\u00f3n fiscal en Brasil)<br \/>\nTel\u00e9fono<br \/>\nData de Nacimiento<\/p>\n<p>2 \u2013 Biometr\u00eda<\/p>\n<p>3 &#8211; Im\u00e1genes<\/td>\n<td align=\"left\">1 &#8211; Control de empleados de empresas de trabajo temporal<\/p>\n<p>2 &#8211; Control de acceso a las instalaciones f\u00edsicas de la empresa<\/p>\n<p>3 &#8211; Gestionar la seguridad de las instalaciones f\u00edsicas con el del monitoreo por c\u00e1maras.<\/td>\n<td align=\"left\">1 &#8211; Ejecuci\u00f3n del contrato (Art. 7, V, ley brasile\u00f1a de N\u00ba 13.709\/2018);<\/p>\n<p>2 \u2013 Garant\u00eda de la prevenci\u00f3n del fraude y de la seguridad del titular, en procesos de identificaci\u00f3n y autenticaci\u00f3n de registro en sistemas electr\u00f3nicos, salvaguardando los derechos mencionados en el art. 9 de esta ley y salvo en el caso de que prevalezcan los derechos y libertades fundamentales del titular que requieran la protecci\u00f3n de datos personales (Art. 11, II, g, ley brasile\u00f1a de N\u00ba 13.709\/2018);<\/p>\n<p>3 \u2013 Inter\u00e9s leg\u00edtimo del responsable del tratamiento de los datos (Art. 7\u00ba, IX, ley brasile\u00f1a de N\u00ba 13.709\/2018)<\/td>\n<\/tr>\n<tr>\n<td align=\"left\">CONTRATISTAS (INDEPENDIENTES)<\/td>\n<td align=\"left\">1 \u2013 Nombre<br \/>\nApellidos<br \/>\nCPF (identificaci\u00f3n fiscal em Brasil)<br \/>\nRG (documento nacional de Identidad)<br \/>\nCNH (carn\u00e9 de conducir en Brasil)<br \/>\nDirecci\u00f3n de correo electr\u00f3nico<br \/>\nTel\u00e9fono<br \/>\nDirecci\u00f3n<br \/>\nAfiliaci\u00f3n<br \/>\nFotograf\u00eda<br \/>\nData de Nacimiento<br \/>\nDatos Bancarios<\/p>\n<p>2 \u2013 Biometr\u00eda<\/p>\n<p>3 &#8211; Im\u00e1genes<\/td>\n<td align=\"left\">1 \u2013 Cumplir obligaciones contractuales<\/p>\n<p>2 &#8211; Control de acceso a las instalaciones f\u00edsicas de la empresa<\/p>\n<p>3 &#8211; Gestionar la seguridad de las instalaciones f\u00edsicas con el del monitoreo por c\u00e1maras.<\/td>\n<td align=\"left\">1 &#8211; Ejecuci\u00f3n del contrato (Art. 7, V, ley brasile\u00f1a de N\u00ba 13.709\/2018);<\/p>\n<p>2 \u2013 Garant\u00eda de la prevenci\u00f3n del fraude y de la seguridad del titular, en procesos de identificaci\u00f3n y autenticaci\u00f3n de registro en sistemas electr\u00f3nicos, salvaguardando los derechos mencionados en el art. 9 de esta ley y salvo en el caso de que prevalezcan los derechos y libertades fundamentales del titular que requieran la protecci\u00f3n de datos personales (Art. 11, II, g, ley brasile\u00f1a de N\u00ba 13.709\/2018);<\/p>\n<p>3 &#8211; Inter\u00e9s leg\u00edtimo del responsable del tratamiento de los datos (Art. 7\u00ba, IX, ley brasile\u00f1a de N\u00ba 13.709\/2018)<\/td>\n<\/tr>\n<tr>\n<td align=\"left\">VECINOS<\/td>\n<td align=\"left\">Nombre<br \/>\nDirecci\u00f3n de correo electr\u00f3nico<\/td>\n<td align=\"left\">Investigaci\u00f3n en las inmediaciones para verificar eventuales disturbios<\/td>\n<td align=\"left\">Inter\u00e9s leg\u00edtimo del responsable del tratamiento de los datos (Art. 7\u00ba, IX, ley brasile\u00f1a de N\u00ba 13.709\/2018)<\/td>\n<\/tr>\n<\/tbody>\n<\/table>\n<\/div>\n<div class=\"fusion-text fusion-text-2\"><p><strong>Informaci\u00f3n que usted nos proporciona sobre terceros<\/strong><\/p>\n<p>Si usted nos proporciona informaciones personales sobre terceros, debe asegurarse de que tiene derecho a revelarlas, asegurando as\u00ed que podamos recopilarlas, usarlas y divulgarlas para los fines descritos anteriormente, eximiendo a SULFIX de cualquier obligaci\u00f3n de recolecci\u00f3n y gesti\u00f3n de consentimiento, si se requiere.<\/p>\n<p>Usted debe tomar medidas razonables para asegurarse de que la persona interesada conozca el contenido de este Aviso de Privacidad.<\/p>\n<p><strong>Compartir datos personales con terceros<\/strong><\/p>\n<p>Usamos y divulgamos informaciones personales para el prop\u00f3sito principal para el cual fueron recopiladas y de acuerdo con diferentes fundamentos legales de procesamiento, tal como presentado.<\/p>\n<p>Tambi\u00e9n compartimos datos personales con terceros para realizar algunos servicios, como analizar el funcionamiento del sitio web, almacenamiento en la nube, mantenimiento y monitoreo de nuestras bases de datos y usuarios del sitio web.<\/p>\n<p>Tambi\u00e9n podemos usar su informaci\u00f3n para:<\/p>\n<ul>\n<li>Nuestros asesores profesionales, incluidos abogados, contables y auditores para que nos presten servicios;<\/li>\n<li>Gobierno, en las situaciones previstas en la legislaci\u00f3n.<\/li>\n<\/ul>\n<p>Nuestros socios comerciales y proveedores de servicios est\u00e1n sujetos al deber de confidencialidad, privacidad y protecci\u00f3n de datos m\u00e1s all\u00e1 de las normas legalmente impuestas sobre ellos.<\/p>\n<p><strong>Sus Derechos como Titular de Datos Personales<\/strong><\/p>\n<p>La transparencia y el libre acceso al tratamiento de sus datos personales son prioridades para SULFIX. Adem\u00e1s de la informaci\u00f3n proporcionada en este Aviso de Privacidad, usted tambi\u00e9n podr\u00e1 ejercer los derechos previstos en la Ley General de Protecci\u00f3n de Datos (brasile\u00f1a), entre ellos:<\/p>\n<ul>\n<li>Confirmaci\u00f3n de la existencia del tratamiento de datos personales;<\/li>\n<li>Acceso a los datos personales;<\/li>\n<li>Bloqueo, anonimizaci\u00f3n o eliminaci\u00f3n de datos innecesarios, excesivos o tratados en violaci\u00f3n de la LGPD;<\/li>\n<li>Revocaci\u00f3n del consentimiento, en los casos aplicables;<\/li>\n<li>Rectificaci\u00f3n de datos personales incompletos, inexactos o desactualizados;<\/li>\n<li>Eliminaci\u00f3n de datos personales tratados con consentimiento o innecesarios, excesivos o cuando entienda que no se ha cumplido alg\u00fan punto de la LGPD;<\/li>\n<li>Informaci\u00f3n sobre las hip\u00f3tesis y con qu\u00e9 empresas, socios comerciales y otras instituciones podemos compartir o recibir datos personales que le conciernen;<\/li>\n<li>Informaci\u00f3n sobre la denegaci\u00f3n del consentimiento y sus consecuencias, cuando corresponda;<\/li>\n<li>Presentaci\u00f3n de un reclamo ante SULFIX o la Autoridad de Protecci\u00f3n de Datos aplicable, si el Titular de los Datos Personales tiene motivos para suponer que alguno de sus derechos de protecci\u00f3n de Datos Personales ha sido violado;<\/li>\n<li>Revisi\u00f3n de decisiones automatizadas, cuando aplicable.<\/li>\n<\/ul>\n<p>Todas las solicitudes ser\u00e1n atendidas de forma gratuita y estar\u00e1n sujetas a una evaluaci\u00f3n previa de su identidad y de la viabilidad del servicio, con el fin de garantizar que la informaci\u00f3n est\u00e1 siendo proporcionada al efectivo titular y de cumplir con las obligaciones y especificidades de atenci\u00f3n a dichas solicitudes.<\/p>\n<p><strong>\u00a1IMPORTANTE!<\/strong><\/p>\n<p>Durante el proceso de evaluaci\u00f3n de su identidad, podemos solicitar la recopilaci\u00f3n de algunos datos adicionales, \u00a1pero siempre respetando la finalidad, la necesidad y la idoneidad!<\/p>\n<p><strong>Calidad de su informaci\u00f3n personal<\/strong><\/p>\n<p>Tomamos medidas razonables para garantizar que su informaci\u00f3n personal sea precisa, completa y actualizada. Si alguna de las informaciones personales que tenemos sobre usted es inexacta, incompleta o desactualizada, comun\u00edquese con nosotros de inmediato y tomaremos las medidas razonables para corregir tal informaci\u00f3n.<\/p>\n<p><strong>Mantenimiento de su informaci\u00f3n personal<\/strong><\/p>\n<p>Retenemos sus informaciones personales durante el tiempo que sea necesario para proporcionar los servicios solicitados o para otros fines esenciales, como cumplir con nuestras obligaciones legales o reglamentarias y ejercer derechos procesales legales, administrativos o arbitrales, de acuerdo con nuestra Pol\u00edtica de retenci\u00f3n de datos.<\/p>\n<p><strong>Seguridad de su informaci\u00f3n personal<\/strong><\/p>\n<p>Protegemos sus informaciones personales contra el uso indebido, la p\u00e9rdida, el acceso no autorizado, la modificaci\u00f3n y la divulgaci\u00f3n.<\/p>\n<p>La seguridad f\u00edsica se mantiene en nuestras instalaciones con cerraduras, llaves, control de acceso y c\u00e1maras de seguridad.<\/p>\n<p>Tambi\u00e9n mantenemos la seguridad inform\u00e1tica y de la red con antivirus, firewall (medidas de seguridad en Internet), filtro antispam, herramienta contra la p\u00e9rdida de datos, cifrado donde sea necesario y posible y otros sistemas de seguridad como identificadores de usuario, inicios de sesi\u00f3n y contrase\u00f1as para controlar el acceso a nuestro sistema inform\u00e1tico, VPN, doble factor de autenticaci\u00f3n.<\/p>\n<p><strong>Actualizaciones de nuestro Aviso de Privacidad<\/strong><\/p>\n<p>Es posible que tengamos que actualizar nuestro aviso de privacidad para cumplir con las leyes o para reflejar cambios en nuestras pr\u00e1cticas comerciales. Cualquier actualizaci\u00f3n se publicar\u00e1 en nuestro sitio web y le recomendamos que lo consulte peri\u00f3dicamente para asegurarse de que comprende nuestra pol\u00edtica actual.<\/p>\n<p><strong>Cont\u00e1ctenos <\/strong><\/p>\n<p>Para acceder a su informaci\u00f3n personal, presentar quejas u otras comunicaciones espec\u00edficas sobre su privacidad, comun\u00edquese con nuestro Encarregado de Dados:<\/p>\n<p>Correo electr\u00f3nico: <a href=\"mailto:dpo@sulfix.com.br\">dpo@sulfix.com.br<\/a><\/p>\n<\/div><\/div><\/div><\/div><\/div>\n","protected":false},"excerpt":{"rendered":"","protected":false},"author":1,"featured_media":0,"parent":0,"menu_order":0,"comment_status":"closed","ping_status":"closed","template":"","meta":{"footnotes":""},"class_list":["post-1659","page","type-page","status-publish","hentry"],"aioseo_notices":[],"_links":{"self":[{"href":"https:\/\/sulfix.com.br\/es\/wp-json\/wp\/v2\/pages\/1659","targetHints":{"allow":["GET"]}}],"collection":[{"href":"https:\/\/sulfix.com.br\/es\/wp-json\/wp\/v2\/pages"}],"about":[{"href":"https:\/\/sulfix.com.br\/es\/wp-json\/wp\/v2\/types\/page"}],"author":[{"embeddable":true,"href":"https:\/\/sulfix.com.br\/es\/wp-json\/wp\/v2\/users\/1"}],"replies":[{"embeddable":true,"href":"https:\/\/sulfix.com.br\/es\/wp-json\/wp\/v2\/comments?post=1659"}],"version-history":[{"count":0,"href":"https:\/\/sulfix.com.br\/es\/wp-json\/wp\/v2\/pages\/1659\/revisions"}],"wp:attachment":[{"href":"https:\/\/sulfix.com.br\/es\/wp-json\/wp\/v2\/media?parent=1659"}],"curies":[{"name":"wp","href":"https:\/\/api.w.org\/{rel}","templated":true}]}}